{"id":971,"date":"2021-08-04T10:45:10","date_gmt":"2021-08-04T08:45:10","guid":{"rendered":"http:\/\/pruszczgdanski.home.pl\/autoinstalator\/wordpressplugins2\/?page_id=971"},"modified":"2021-08-04T10:45:11","modified_gmt":"2021-08-04T08:45:11","slug":"elektroniczna-skrzynka-podawcza-2","status":"publish","type":"page","link":"https:\/\/splegowo.pl\/index.php\/elektroniczna-skrzynka-podawcza-2\/","title":{"rendered":"Elektroniczna Skrzynka Podawcza"},"content":{"rendered":"\n<p>Podmioty realizuj\u0105ce zadania publiczne obowi\u0105zane s\u0105 posiada\u0107 elektroniczn\u0105 skrzynk\u0119 podawcz\u0105.<br>Elektroniczna skrzynka podawcza pozwala na dor\u0119czanie do instytucji pism podpisanych bezpiecznym podpisem elektronicznym w spos\u00f3b zapewniaj\u0105cy otrzymanie urz\u0119dowego po\u015bwiadczenia przed\u0142o\u017cenia (UPP).<br>UPP jest dowodem dor\u0119czenia pisma, a widniej\u0105ca na nim data stanowi dat\u0119 dor\u0119czenia.<br>W celu dostarczenia do Szko\u0142y dokumentu elektronicznego nale\u017cy zarejestrowa\u0107 si\u0119 na elektronicznej platformie us\u0142ug administracji publicznej (ePUAP) pod adresem&nbsp;<a target=\"_blank\" href=\"http:\/\/epuap.gov.pl\/\" rel=\"noreferrer noopener\">epuap.gov.pl<\/a>&nbsp;.<br>Po za\u0142o\u017ceniu konta i zalogowaniu si\u0119 na ePUAP u\u017cytkownik ma dost\u0119p do elektronicznej skrzynki podawczej Szko\u0142y<br>Adres skrytki na elektronicznej Platformie Us\u0142ug Administracji Publicznej (ePUAP) &#8211; \/pgzslegowo\/SkrytkaESP<br>Na przedmiotowy adres skrytki u\u017cytkownicy platformy ePUAP b\u0119d\u0105 mogli przesy\u0142a\u0107 korespondencj\u0119, korzystaj\u0105c ze wzoru &#8222;Pismo og\u00f3lne&#8221; udost\u0119pnianego przez us\u0142ug\u0119 powszechn\u0105 o nazwie &#8222;Pismo og\u00f3lne do podmiotu publicznego&#8221;, kt\u00f3ra jest dost\u0119pna dla zalogowanego u\u017cytkownika portalu ePUAP:<br>&#8211; \u015bcie\u017cka dost\u0119pu: Strona g\u0142\u00f3wna &gt; Lista spraw &gt; Alfabetyczna lista spraw &#8211; nale\u017cy wybra\u0107 us\u0142ug\u0119 &#8222;Pismo og\u00f3lne do podmiotu publicznego&#8221; (litera P, pi\u0105ta pozycja &#8211; uszeregowanie alfabetyczne),<br>&#8211; lub pod adresem URI:<br>https:\/\/epuap.gov.pl\/wps\/myportal\/E2_OpisUslugi?nazwaOpisu=Pismo+ogolne+do+podmiotu+publicznego+&amp;idPodmiotu=MAiC<\/p>\n\n\n\n<p>Elektroniczna skrzynka podawcza Zespo\u0142u Szk\u00f3\u0142 w \u0141\u0119gowie zawiera jeden formularz elektroniczny pn. \u0084Pismo og\u00f3lne do podmiotu publicznego\u0094. Za jego pomoc\u0105 za\u0142atwi\u0105 Pa\u0144stwo ka\u017cd\u0105 spraw\u0119 nale\u017c\u0105c\u0105 do kompetencji Zespo\u0142u Szk\u00f3\u0142 w \u0141\u0119gowie.<\/p>\n\n\n\n<p>Zgodnie z Rozporz\u0105dzeniem Prezesa Rady Ministr\u00f3w z dnia 14 wrze\u015bnia 2011r. w sprawie sporz\u0105dzania pism w formie dokument\u00f3w elektronicznych, dor\u0119czania dokument\u00f3w elektronicznych oraz udost\u0119pnienia formularzy, wzor\u00f3w i kopii dokument\u00f3w elektronicznych (Dz. U. 2011 nr 206 poz. 1216) Zesp\u00f3\u0142 Szk\u00f3\u0142 w \u0141\u0119gowie akceptuje formaty elektroniczne wymienione w niniejszym Rozporz\u0105dzeniu.<\/p>\n\n\n\n<p>Maksymalny rozmiar dokumentu elektronicznego to 3 megabajty.<br>Pliki zawieraj\u0105ce szkodliwe oprogramowanie b\u0119d\u0105 automatycznie usuwane.<br>Odno\u015bnie spraw za\u0142atwianych w trybie post\u0119powania administracyjnego konieczne jest podanie imienia, nazwiska, adresu osoby wnosz\u0105cej pismo oraz jej podpisu. Elektroniczna skrzynka podawcza obs\u0142uguje zar\u00f3wno bezpieczny kwalifikowany podpis elektroniczny jak i jego darmowy odpowiednik, czyli profil zaufany ePUAP.<\/p>\n","protected":false},"excerpt":{"rendered":"<p>Podmioty realizuj\u0105ce zadania publiczne obowi\u0105zane s\u0105 posiada\u0107 elektroniczn\u0105 skrzynk\u0119 podawcz\u0105.Elektroniczna skrzynka podawcza pozwala na dor\u0119czanie do instytucji pism podpisanych bezpiecznym &hellip; <\/p>\n","protected":false},"author":1,"featured_media":0,"parent":0,"menu_order":0,"comment_status":"closed","ping_status":"closed","template":"","meta":[],"_links":{"self":[{"href":"https:\/\/splegowo.pl\/index.php\/wp-json\/wp\/v2\/pages\/971"}],"collection":[{"href":"https:\/\/splegowo.pl\/index.php\/wp-json\/wp\/v2\/pages"}],"about":[{"href":"https:\/\/splegowo.pl\/index.php\/wp-json\/wp\/v2\/types\/page"}],"author":[{"embeddable":true,"href":"https:\/\/splegowo.pl\/index.php\/wp-json\/wp\/v2\/users\/1"}],"replies":[{"embeddable":true,"href":"https:\/\/splegowo.pl\/index.php\/wp-json\/wp\/v2\/comments?post=971"}],"version-history":[{"count":0,"href":"https:\/\/splegowo.pl\/index.php\/wp-json\/wp\/v2\/pages\/971\/revisions"}],"wp:attachment":[{"href":"https:\/\/splegowo.pl\/index.php\/wp-json\/wp\/v2\/media?parent=971"}],"curies":[{"name":"wp","href":"https:\/\/api.w.org\/{rel}","templated":true}]}}