{"id":968,"date":"2021-08-04T10:43:54","date_gmt":"2021-08-04T08:43:54","guid":{"rendered":"http:\/\/pruszczgdanski.home.pl\/autoinstalator\/wordpressplugins2\/?page_id=968"},"modified":"2021-08-24T00:47:50","modified_gmt":"2021-08-23T22:47:50","slug":"dostepnosc","status":"publish","type":"page","link":"https:\/\/splegowo.pl\/index.php\/dostepnosc\/","title":{"rendered":"Dost\u0119pno\u015b\u0107"},"content":{"rendered":"\t\t<div data-elementor-type=\"wp-page\" data-elementor-id=\"968\" class=\"elementor elementor-968\">\n\t\t\t\t\t\t\t\t\t<section class=\"elementor-section elementor-top-section elementor-element elementor-element-64f02c5f elementor-section-boxed elementor-section-height-default elementor-section-height-default\" data-id=\"64f02c5f\" data-element_type=\"section\">\n\t\t\t\t\t\t<div class=\"elementor-container elementor-column-gap-default\">\n\t\t\t\t\t<div class=\"elementor-column elementor-col-100 elementor-top-column elementor-element elementor-element-7541da5f\" data-id=\"7541da5f\" data-element_type=\"column\">\n\t\t\t<div class=\"elementor-widget-wrap elementor-element-populated\">\n\t\t\t\t\t\t\t\t<div class=\"elementor-element elementor-element-7e008003 elementor-widget elementor-widget-text-editor\" data-id=\"7e008003\" data-element_type=\"widget\" data-widget_type=\"text-editor.default\">\n\t\t\t\t<div class=\"elementor-widget-container\">\n\t\t\t\t\t\t\t<!-- wp:table --><hr\/><div>&#13; &#13; &#13; \t\t\t\t  &#13; \t\t\t\t  &#13; <!-- \/wp:table -->\t\t\t\t\t\t<\/div>\n\t\t\t\t<\/div>\n\t\t\t\t\t<\/div>\n\t\t<\/div>\n\t\t\t\t\t\t\t<\/div>\n\t\t<\/section>\n\t\t\t\t<section class=\"elementor-section elementor-top-section elementor-element elementor-element-6e81dfcf elementor-section-boxed elementor-section-height-default elementor-section-height-default\" data-id=\"6e81dfcf\" data-element_type=\"section\">\n\t\t\t\t\t\t<div class=\"elementor-container elementor-column-gap-default\">\n\t\t\t\t\t<div class=\"elementor-column elementor-col-100 elementor-top-column elementor-element elementor-element-76b7bf60\" data-id=\"76b7bf60\" data-element_type=\"column\">\n\t\t\t<div class=\"elementor-widget-wrap elementor-element-populated\">\n\t\t\t\t\t\t\t\t<div class=\"elementor-element elementor-element-7331d4f6 elementor-widget elementor-widget-text-editor\" data-id=\"7331d4f6\" data-element_type=\"widget\" data-widget_type=\"text-editor.default\">\n\t\t\t\t<div class=\"elementor-widget-container\">\n\t\t\t\t\t\t\t<!-- wp:table --><hr\/>&#13; <p align=\"center\"><b>  &#13; <br\/><br\/> <a href=\"http:\/\/pruszczgdanski.home.pl\/autoinstalator\/wordpressplugins2\/wp-content\/uploads\/2021\/08\/deklaracja_dostepnosci_legowo.docx\" target=\"_blank\"> &#8212; &#8212; DEKLARACJA DOST\u0118PNO\u015aCI (plik docx) &#8212; &#8212; <\/a>&#13; <\/b><\/p>&#13; <br\/><br\/>&#13; &#13; <!-- \/wp:table -->\t\t\t\t\t\t<\/div>\n\t\t\t\t<\/div>\n\t\t\t\t\t<\/div>\n\t\t<\/div>\n\t\t\t\t\t\t\t<\/div>\n\t\t<\/section>\n\t\t\t\t<section class=\"elementor-section elementor-top-section elementor-element elementor-element-6fa6bf7b elementor-section-boxed elementor-section-height-default elementor-section-height-default\" data-id=\"6fa6bf7b\" data-element_type=\"section\">\n\t\t\t\t\t\t<div class=\"elementor-container elementor-column-gap-default\">\n\t\t\t\t\t<div class=\"elementor-column elementor-col-100 elementor-top-column elementor-element elementor-element-581c97ec\" data-id=\"581c97ec\" data-element_type=\"column\">\n\t\t\t<div class=\"elementor-widget-wrap elementor-element-populated\">\n\t\t\t\t\t\t\t\t<div class=\"elementor-element elementor-element-3cd3da3e elementor-widget elementor-widget-text-editor\" data-id=\"3cd3da3e\" data-element_type=\"widget\" data-widget_type=\"text-editor.default\">\n\t\t\t\t<div class=\"elementor-widget-container\">\n\t\t\t\t\t\t\t<!-- wp:table --><hr\/>&#13; <p align=\"center\"><b> Raport o stanie zapewnienia dost\u0119pno\u015bci.&#13; <br\/><i>Poni\u017cej do pobrania raport o stanie zapewniania dost\u0119pno\u015bci podmiotu publicznego. Jeden z plik\u00f3w jest w formacie dost\u0119pnym dla os\u00f3b ze szczeg\u00f3lnymi potrzebami.<\/i>&#13; &#13; <br\/><br\/> <a href=\"http:\/\/pruszczgdanski.home.pl\/autoinstalator\/wordpressplugins2\/wp-content\/uploads\/2021\/08\/dostepnosc_raport_legowo.pdf\" target=\"_blank\"> &#8212; &#8212; Raport o stanie zapewniania dost\u0119pno\u015bci podmiotu publicznego (plik pdf) &#8212; &#8212; <\/a>&#13; <br\/><br\/> <a href=\"http:\/\/pruszczgdanski.home.pl\/autoinstalator\/wordpressplugins2\/wp-content\/uploads\/2021\/08\/dostepnosc_raport_legowo_z_potrzebami.pdf\" target=\"_blank\"> &#8212; &#8212; Format dost\u0119pny dla os\u00f3b ze szczeg\u00f3lnymi potrzebami (plik pdf) &#8212; &#8212; <\/a><\/b><\/p>&#13; <br\/><br\/> &#13; \t\t\t\t  &#13; \t\t\t\t  &#13; \t\t\t\t  &#13; &#13; &#13; &#13; &#13; <\/div>&#13;                   &#13; &#13;                 <!-- \/wp:table -->\t\t\t\t\t\t<\/div>\n\t\t\t\t<\/div>\n\t\t\t\t\t<\/div>\n\t\t<\/div>\n\t\t\t\t\t\t\t<\/div>\n\t\t<\/section>\n\t\t\t\t\t\t\t<\/div>\n\t\t","protected":false},"excerpt":{"rendered":"<p>&#13; &#13; &#13; &#13; &#13; &#13; &#13; &#8212; &#8212; DEKLARACJA DOST\u0118PNO\u015aCI (plik docx) &#8212; &#8212; &#13; &#13; &#13; &#13; &#13; &hellip; <\/p>\n","protected":false},"author":1,"featured_media":0,"parent":0,"menu_order":0,"comment_status":"closed","ping_status":"closed","template":"","meta":[],"_links":{"self":[{"href":"https:\/\/splegowo.pl\/index.php\/wp-json\/wp\/v2\/pages\/968"}],"collection":[{"href":"https:\/\/splegowo.pl\/index.php\/wp-json\/wp\/v2\/pages"}],"about":[{"href":"https:\/\/splegowo.pl\/index.php\/wp-json\/wp\/v2\/types\/page"}],"author":[{"embeddable":true,"href":"https:\/\/splegowo.pl\/index.php\/wp-json\/wp\/v2\/users\/1"}],"replies":[{"embeddable":true,"href":"https:\/\/splegowo.pl\/index.php\/wp-json\/wp\/v2\/comments?post=968"}],"version-history":[{"count":0,"href":"https:\/\/splegowo.pl\/index.php\/wp-json\/wp\/v2\/pages\/968\/revisions"}],"wp:attachment":[{"href":"https:\/\/splegowo.pl\/index.php\/wp-json\/wp\/v2\/media?parent=968"}],"curies":[{"name":"wp","href":"https:\/\/api.w.org\/{rel}","templated":true}]}}