{"id":61,"date":"2021-01-13T14:30:47","date_gmt":"2021-01-13T13:30:47","guid":{"rendered":"http:\/\/pruszczgdanski.home.pl\/autoinstalator\/wordpressplugins2\/?page_id=61"},"modified":"2025-09-22T22:55:53","modified_gmt":"2025-09-22T20:55:53","slug":"zajecia-dodatkowe","status":"publish","type":"page","link":"https:\/\/splegowo.pl\/index.php\/zajecia-dodatkowe\/","title":{"rendered":"Zaj\u0119cia dodatkowe"},"content":{"rendered":"\t\t<div data-elementor-type=\"wp-page\" data-elementor-id=\"61\" class=\"elementor elementor-61\">\n\t\t\t\t\t\t\t\t\t<section class=\"elementor-section elementor-top-section elementor-element elementor-element-d167441 elementor-section-boxed elementor-section-height-default elementor-section-height-default\" data-id=\"d167441\" data-element_type=\"section\">\n\t\t\t\t\t\t<div class=\"elementor-container elementor-column-gap-default\">\n\t\t\t\t\t<div class=\"elementor-column elementor-col-100 elementor-top-column elementor-element elementor-element-9c89a58\" data-id=\"9c89a58\" data-element_type=\"column\">\n\t\t\t<div class=\"elementor-widget-wrap elementor-element-populated\">\n\t\t\t\t\t\t\t\t<div class=\"elementor-element elementor-element-08d3928 elementor-widget elementor-widget-text-editor\" data-id=\"08d3928\" data-element_type=\"widget\" data-widget_type=\"text-editor.default\">\n\t\t\t\t<div class=\"elementor-widget-container\">\n\t\t\t\t\t\t\t<table style=\"width: 620px; height: 643px;\" border=\"1\" width=\"485\" cellspacing=\"0\" cellpadding=\"0\"><colgroup> <col style=\"mso-width-source: userset; mso-width-alt: 11922; width: 245pt;\" width=\"326\" \/> <col style=\"mso-width-source: userset; mso-width-alt: 5814; width: 119pt;\" width=\"159\" \/> <\/colgroup><tbody><tr style=\"height: 15.0pt;\"><td class=\"xl63\" style=\"height: 15.0pt; width: 245pt;\" width=\"326\" height=\"20\"><strong>Nazwa zaj\u0119\u0107<\/strong><\/td><td class=\"xl63\" style=\"border-left: none; width: 119pt;\" width=\"159\"><strong>nauczyciel prowadz\u0105cy<\/strong><\/td><\/tr><tr style=\"height: 15.0pt;\"><td class=\"xl63\" style=\"height: 15.0pt; border-top: none;\" height=\"20\">K\u00f3\u0142ko matematyczne dla klasy 1a<\/td><td class=\"xl63\" style=\"border-top: none; border-left: none;\">Wirkus Anna<\/td><\/tr><tr style=\"height: 15.0pt;\"><td class=\"xl63\" style=\"height: 15.0pt; border-top: none;\" height=\"20\">K\u00f3\u0142ko podr\u00f3\u017cnicze dla klasy 1b<\/td><td class=\"xl63\" style=\"border-top: none; border-left: none;\">\u0141uczy\u0144ska Dominika<\/td><\/tr><tr style=\"height: 15.0pt;\"><td class=\"xl63\" style=\"height: 15.0pt; border-top: none;\" height=\"20\">K\u00f3\u0142ko polonistyczne dla klasy 1c<\/td><td class=\"xl63\" style=\"border-top: none; border-left: none;\">Wernio El\u017cbieta<\/td><\/tr><tr style=\"height: 15.0pt;\"><td class=\"xl63\" style=\"height: 15.0pt; border-top: none;\" height=\"20\">K\u00f3\u0142ko czytelnicze dla klasy 2a<\/td><td class=\"xl63\" style=\"border-top: none; border-left: none;\">\u0141agowska Anna<\/td><\/tr><tr style=\"height: 15.0pt;\"><td class=\"xl63\" style=\"height: 15.0pt; border-top: none;\" height=\"20\">K\u00f3\u0142ko czytelnicze dla klasy 2b<\/td><td class=\"xl63\" style=\"border-top: none; border-left: none;\">Suchcicka Agnieszka<\/td><\/tr><tr style=\"height: 15.0pt;\"><td class=\"xl63\" style=\"height: 15.0pt; border-top: none;\" height=\"20\">K\u00f3\u0142ko czytelnicze dla klasy 2c<\/td><td class=\"xl63\" style=\"border-top: none; border-left: none;\">Dziergowska Bo\u017cena<\/td><\/tr><tr style=\"height: 15.0pt;\"><td class=\"xl63\" style=\"height: 15.0pt; border-top: none;\" height=\"20\">Mali Mistrzowie Kodowania &#8211; kl. 3a<\/td><td class=\"xl63\" style=\"border-top: none; border-left: none;\">Pa\u015bko Ma\u0142gorzata<\/td><\/tr><tr style=\"height: 15.0pt;\"><td class=\"xl63\" style=\"height: 15.0pt; border-top: none;\" height=\"20\">K\u00f3\u0142ko matematyczno &#8211; informatyczne dla klasy 3b<\/td><td class=\"xl63\" style=\"border-top: none; border-left: none;\">Ciesielska Kinga<\/td><\/tr><tr style=\"height: 15.0pt;\"><td class=\"xl63\" style=\"height: 15.0pt; border-top: none;\" height=\"20\">K\u00f3\u0142ko czytelnicze dla klasy 3c<\/td><td class=\"xl63\" style=\"border-top: none; border-left: none;\">Pozna\u0144ska Iwona<\/td><\/tr><tr style=\"height: 15.0pt;\"><td class=\"xl63\" style=\"height: 15.0pt; border-top: none;\" height=\"20\">Ko\u0142o przyrodnicze Eko-znawcy dla klas 4a i 4b<\/td><td class=\"xl63\" style=\"border-top: none; border-left: none;\">Myszka Ewa<\/td><\/tr><tr style=\"height: 15.0pt;\"><td class=\"xl63\" style=\"height: 15.0pt; border-top: none;\" height=\"20\">Ko\u0142o polonistyczne dla klas 4a i 4b<\/td><td class=\"xl63\" style=\"border-top: none; border-left: none;\">Tunicka Bo\u017cena<\/td><\/tr><tr style=\"height: 15.0pt;\"><td class=\"xl63\" style=\"height: 15.0pt; border-top: none;\" height=\"20\">Ko\u0142o geograficzne dla klas 5a i 5b<\/td><td class=\"xl63\" style=\"border-top: none; border-left: none;\">T\u0119\u017cycka Joanna<\/td><\/tr><tr style=\"height: 15.0pt;\"><td class=\"xl63\" style=\"height: 15.0pt; border-top: none;\" height=\"20\">Ko\u0142o informatyczno-matematyczne dla klas 5a i 5b<\/td><td class=\"xl63\" style=\"border-top: none; border-left: none;\">Krawisz Marcin<\/td><\/tr><tr style=\"height: 15.0pt;\"><td class=\"xl63\" style=\"height: 15.0pt; border-top: none;\" height=\"20\">Ko\u0142o &#8222;Dodatkowa Informatyka&#8221; dla klas 6a i 6b<\/td><td class=\"xl63\" style=\"border-top: none; border-left: none;\">M\u0142y\u0144ska Ma\u0142gorzata<\/td><\/tr><tr style=\"height: 15.0pt;\"><td class=\"xl63\" style=\"height: 15.0pt; border-top: none;\" height=\"20\">Ko\u0142o polonistyczne dla klas 6a i 6b<\/td><td class=\"xl63\" style=\"border-top: none; border-left: none;\">Dworak Violetta<\/td><\/tr><tr style=\"height: 15.0pt;\"><td class=\"xl63\" style=\"height: 15.0pt; border-top: none;\" height=\"20\">Ko\u0142o geograficzne dla klas \u00f3smych<\/td><td class=\"xl63\" style=\"border-top: none; border-left: none;\">T\u0119\u017cycka Joanna<\/td><\/tr><tr style=\"height: 15.0pt;\"><td class=\"xl63\" style=\"height: 15.0pt; border-top: none;\" height=\"20\">Ko\u0142o chemiczne dla klas \u00f3smych<\/td><td class=\"xl63\" style=\"border-top: none; border-left: none;\">Flejszar Marzena<\/td><\/tr><tr style=\"height: 15.0pt;\"><td class=\"xl63\" style=\"height: 15.0pt; border-top: none;\" height=\"20\">Ko\u0142o Humanistyczne dla klas \u00f3smych<\/td><td class=\"xl63\" style=\"border-top: none; border-left: none;\">Grzmiel Agnieszka<\/td><\/tr><tr style=\"height: 15.0pt;\"><td class=\"xl63\" style=\"height: 15.0pt; border-top: none;\" height=\"20\">Ko\u0142o j\u0119zyka polskiego dla klas \u00f3smych<\/td><td class=\"xl63\" style=\"border-top: none; border-left: none;\">Dawidowska Ma\u0142gorzata<\/td><\/tr><\/tbody><\/table><p><span style=\"color: #ffffff;\">Terapia pedagogiczna<\/span><\/p><p>\u00a0<\/p>\t\t\t\t\t\t<\/div>\n\t\t\t\t<\/div>\n\t\t\t\t\t<\/div>\n\t\t<\/div>\n\t\t\t\t\t\t\t<\/div>\n\t\t<\/section>\n\t\t\t\t\t\t\t<\/div>\n\t\t","protected":false},"excerpt":{"rendered":"<p>Nazwa zaj\u0119\u0107 nauczyciel prowadz\u0105cy K\u00f3\u0142ko matematyczne dla klasy 1a Wirkus Anna K\u00f3\u0142ko podr\u00f3\u017cnicze dla klasy 1b \u0141uczy\u0144ska Dominika K\u00f3\u0142ko polonistyczne &hellip; <\/p>\n","protected":false},"author":1,"featured_media":0,"parent":0,"menu_order":0,"comment_status":"closed","ping_status":"closed","template":"","meta":[],"_links":{"self":[{"href":"https:\/\/splegowo.pl\/index.php\/wp-json\/wp\/v2\/pages\/61"}],"collection":[{"href":"https:\/\/splegowo.pl\/index.php\/wp-json\/wp\/v2\/pages"}],"about":[{"href":"https:\/\/splegowo.pl\/index.php\/wp-json\/wp\/v2\/types\/page"}],"author":[{"embeddable":true,"href":"https:\/\/splegowo.pl\/index.php\/wp-json\/wp\/v2\/users\/1"}],"replies":[{"embeddable":true,"href":"https:\/\/splegowo.pl\/index.php\/wp-json\/wp\/v2\/comments?post=61"}],"version-history":[{"count":1,"href":"https:\/\/splegowo.pl\/index.php\/wp-json\/wp\/v2\/pages\/61\/revisions"}],"predecessor-version":[{"id":26383,"href":"https:\/\/splegowo.pl\/index.php\/wp-json\/wp\/v2\/pages\/61\/revisions\/26383"}],"wp:attachment":[{"href":"https:\/\/splegowo.pl\/index.php\/wp-json\/wp\/v2\/media?parent=61"}],"curies":[{"name":"wp","href":"https:\/\/api.w.org\/{rel}","templated":true}]}}