{"id":23,"date":"2020-09-13T23:08:53","date_gmt":"2020-09-13T21:08:53","guid":{"rendered":"http:\/\/pruszczgdanski.home.pl\/autoinstalator\/wordpressplugins2\/?page_id=23"},"modified":"2021-08-24T23:10:29","modified_gmt":"2021-08-24T21:10:29","slug":"rodzice","status":"publish","type":"page","link":"https:\/\/splegowo.pl\/index.php\/rodzice\/","title":{"rendered":"Rodzice"},"content":{"rendered":"\t\t<div data-elementor-type=\"wp-page\" data-elementor-id=\"23\" class=\"elementor elementor-23\">\n\t\t\t\t\t\t\t\t\t<section class=\"elementor-section elementor-top-section elementor-element elementor-element-30ad1687 elementor-section-boxed elementor-section-height-default elementor-section-height-default\" data-id=\"30ad1687\" data-element_type=\"section\">\n\t\t\t\t\t\t<div class=\"elementor-container elementor-column-gap-default\">\n\t\t\t\t\t<div class=\"elementor-column elementor-col-100 elementor-top-column elementor-element elementor-element-4eb6f1f\" data-id=\"4eb6f1f\" data-element_type=\"column\">\n\t\t\t<div class=\"elementor-widget-wrap elementor-element-populated\">\n\t\t\t\t\t\t\t\t<div class=\"elementor-element elementor-element-1ad9d83d elementor-widget elementor-widget-text-editor\" data-id=\"1ad9d83d\" data-element_type=\"widget\" data-widget_type=\"text-editor.default\">\n\t\t\t\t<div class=\"elementor-widget-container\">\n\t\t\t\t\t\t\t<!-- wp:table --><hr\/><br\/><b>Szanowni Rodzice!!! Drodzy Uczniowie!!!<\/b><br\/>&#13; <p style=\"text-indent:35pt; margin-bottom: 0\">Od dnia 17 maja serdecznie zapraszamy do szko\u0142y uczni\u00f3w klas IV-VIII. Cieszymy si\u0119 na spotkanie                   z Wami. Klasy i korytarze wreszcie wype\u0142ni\u0105 si\u0119 Waszymi postaciami, Wasz\u0105 energi\u0105 i gwarem rozm\u00f3w. Jeste\u015bcie przepe\u0142nieni r\u00f3\u017cnymi emocjami, musimy si\u0119 wsp\u00f3lnie postara\u0107, aby by\u0142y one tylko pozytywne. Dobrze jeszcze przed wakacjami ze sob\u0105 poby\u0107! &#13; <\/p><p style=\"text-indent:0pt; margin-bottom: 10\">W pierwszym tygodniu od 17.05-21.05 do szko\u0142y, na zaj\u0119cia stacjonarne,  ucz\u0119szczaj\u0105 uczniowie        klas IV-VI. W tym okresie klasy VII-VIII pozostaj\u0105 na nauczaniu zdalnym. &#13; <\/p><p style=\"text-indent:0pt; margin-bottom: 10\">W tygodniu od 24.05-28.05 do szko\u0142y ucz\u0119szczaj\u0105 uczniowie klas VII-VIII a   klasy IV-VI przebywaj\u0105 na nauczaniu zdalnym. &#13; <\/p><p style=\"text-indent:0pt; margin-bottom: 10\">W dniach 25.05-27.05. 2021 w szkole przeprowadzany jest egzamin \u00f3smoklasisty. Te dni s\u0105 wolne od nauki dla uczni\u00f3w klas I-VII. &#13; <\/p><p style=\"text-indent:0pt; margin-bottom: 10\">W okresie od 17.05-21.05. i od 24.05-28.05.2021 r. uczniowie s\u0105 przypisani do  wyznaczonych sal lekcyjnych i rozpoczynaj\u0105 zaj\u0119cia zgodnie z planem. &#13; <\/p><p style=\"text-indent:0pt; margin-bottom: 10\"><b>Od 17.05-21.05.2021: <\/b>&#13; <\/p><p style=\"text-indent:0pt; margin-bottom: 0\">Kl. IV a -s.27, kl. IV b -s.23, kl. V a- s.11, kl. V b s. -20,  kl. VI a &#8211; s. 12, kl. VI b &#8211; s.13, kl. VI c- s.24 &#13; <\/p><p style=\"text-indent:0pt; margin-bottom: 10\"><b>Od 24.05-28.05.2021:<\/b> &#13; <\/p><p style=\"text-indent:0pt; margin-bottom: 0\">Kl. VII a-s.28, kl. VIIb-s.15, kl. VII c- s.14, kl. VII d -s.19, kl. VIII a -s 27, kl. VIII b &#8211; s.11, .kl. VIII c -s.20&#13; <\/p><p style=\"text-indent:35pt; margin-top: 10; margin-bottom: 0\">W zwi\u0105zku z kilkudniowymi pobytami uczni\u00f3w w szkole nie zostan\u0105 zakupione bilety miesi\u0119czne. Prosz\u0119, aby Rodzice zapewnili uczniom kwot\u0119 1,79 na jednorazowy przejazd co stanowi kwot\u0119 3,58 na ka\u017cdy dzie\u0144. Poniesione koszty przejazdu do szko\u0142y zostan\u0105 zrefundowane na wniosek Rodzica z\u0142o\u017cony do dyrektora szko\u0142y wraz z za\u0142\u0105czonymi biletami. (wz\u00f3r wniosku do pobrania poni\u017cej).&#13; <\/p><p style=\"text-indent:0pt; margin-top: 10; margin-bottom: 0\">Dyrektor&#13; <\/p><p style=\"text-indent:0pt; margin-top: 0; margin-bottom: 0\">El\u017cbieta Dzia\u0142oszewska&#13; <\/p>  <p align=\"center\"> <a href=\"http:\/\/pruszczgdanski.home.pl\/autoinstalator\/wordpressplugins2\/wp-content\/uploads\/2021\/08\/wniosek_o_refundacje_dowozow_maj_2021.docx\">&#8212;&#8212;&#8212;&#8212;&#8212; WNIOSEK DO POBRANIA &#8212;&#8212;&#8212;&#8212;&#8212;<\/a><\/p>&#13; &#13; <!-- \/wp:table -->\t\t\t\t\t\t<\/div>\n\t\t\t\t<\/div>\n\t\t\t\t\t<\/div>\n\t\t<\/div>\n\t\t\t\t\t\t\t<\/div>\n\t\t<\/section>\n\t\t\t\t<section class=\"elementor-section elementor-top-section elementor-element elementor-element-c7d7aba elementor-section-boxed elementor-section-height-default elementor-section-height-default\" data-id=\"c7d7aba\" data-element_type=\"section\">\n\t\t\t\t\t\t<div class=\"elementor-container elementor-column-gap-default\">\n\t\t\t\t\t<div class=\"elementor-column elementor-col-100 elementor-top-column elementor-element elementor-element-6a58559\" data-id=\"6a58559\" data-element_type=\"column\">\n\t\t\t<div class=\"elementor-widget-wrap elementor-element-populated\">\n\t\t\t\t\t\t\t\t<div class=\"elementor-element elementor-element-40fa6282 elementor-widget elementor-widget-text-editor\" data-id=\"40fa6282\" data-element_type=\"widget\" data-widget_type=\"text-editor.default\">\n\t\t\t\t<div class=\"elementor-widget-container\">\n\t\t\t\t\t\t\t<!-- wp:table --><hr\/><br\/><b>Opieka stomatologiczna nad uczniami<\/b><br\/>&#13; <p style=\"text-indent:35pt; margin-bottom: 0\">Informuj\u0119, \u017ce na mocy porozumienia podpisanego przez Organ Prowadz\u0105cy, opiek\u0119 stomatologiczn\u0105 nad uczniami naszej szko\u0142y od 1 lutego do 31 grudnia 2021 r. sprawuje gabinet dentystyczny  w Pruszczu Gda\u0144skim ul. Wal\u0105ga 3\/1A w dniach od poniedzia\u0142ku do soboty.&#13; <\/p><p style=\"text-indent:35pt; margin-top: 0; margin-bottom: 0\">W poniedzia\u0142ki i czwartki w godzinach popo\u0142udniowych 14.00-18.00 w pozosta\u0142e dni od 8.00-14.00, w soboty od 9.00-12.00.&#13; <\/p><p style=\"text-indent:35pt; margin-top: 0; margin-bottom: 0\"> Przyj\u0119cie ucznia przez lekarza dentyst\u0119 wymaga wcze\u015bniejszej rejestracji.&#13; <\/p><p style=\"text-indent:35pt; margin-top: 0; margin-bottom: 0\">Potwierdzeniem posiadania statusu ucznia danej szko\u0142y jest wa\u017cn\u0105 legitymacja szkolna.&#13; <\/p><p style=\"text-indent:35pt; margin-top: 0; margin-bottom: 0\">Lekarz dentysta w ramach opieki wykonuje: &#13; <br\/>1. \u015awiadczenie og\u00f3lnostomatologiczne dla dzieci i m\u0142odzie\u017cy do uko\u0144czenia 18 roku \u017cycia &#13; <br\/>2. Profilaktyczne \u015bwiadczenie dla dzieci i m\u0142odzie\u017cy do uko\u0144czenia 18 roku \u017cycia  &#8211; okre\u015blone w rozporz\u0105dzeniu Ministra Zdrowia z dnia 6 listopada 2013 r.&#13; <\/p><p style=\"text-indent:350pt; margin-top: 0; margin-bottom: 0\">Dyrektor: El\u017cbieta Dzia\u0142oszewska<\/p>&#13; &#13; <!-- \/wp:table -->\t\t\t\t\t\t<\/div>\n\t\t\t\t<\/div>\n\t\t\t\t\t<\/div>\n\t\t<\/div>\n\t\t\t\t\t\t\t<\/div>\n\t\t<\/section>\n\t\t\t\t<section class=\"elementor-section elementor-top-section elementor-element elementor-element-643d6587 elementor-section-boxed elementor-section-height-default elementor-section-height-default\" data-id=\"643d6587\" data-element_type=\"section\">\n\t\t\t\t\t\t<div class=\"elementor-container elementor-column-gap-default\">\n\t\t\t\t\t<div class=\"elementor-column elementor-col-100 elementor-top-column elementor-element elementor-element-50867b5c\" data-id=\"50867b5c\" data-element_type=\"column\">\n\t\t\t<div class=\"elementor-widget-wrap elementor-element-populated\">\n\t\t\t\t\t\t\t\t<div class=\"elementor-element elementor-element-1c500f9e elementor-widget elementor-widget-text-editor\" data-id=\"1c500f9e\" data-element_type=\"widget\" data-widget_type=\"text-editor.default\">\n\t\t\t\t<div class=\"elementor-widget-container\">\n\t\t\t\t\t\t\t<!-- wp:table --><hr\/><br\/>&#13; <p align=\"center\"> <b>Informacja na temat przywr\u00f3cenia od 18 stycznia 2021r. w komunikacji gminnej szkolnego rozk\u0142adu jazdy<\/b><br\/><br\/><a href=\"http:\/\/pruszczgdanski.home.pl\/autoinstalator\/wordpressplugins2\/wp-content\/uploads\/2021\/08\/210118_komunikacja.docx\" target=\"_blank\">&#8211; &#8211; &#8211; &#8211; &#8211; PLIK (DOCX) &#8211; &#8211; &#8211; &#8211; &#8211;<\/a><\/p>&#13; &#13; <!-- \/wp:table -->\t\t\t\t\t\t<\/div>\n\t\t\t\t<\/div>\n\t\t\t\t\t<\/div>\n\t\t<\/div>\n\t\t\t\t\t\t\t<\/div>\n\t\t<\/section>\n\t\t\t\t<section class=\"elementor-section elementor-top-section elementor-element elementor-element-5d4e3419 elementor-section-boxed elementor-section-height-default elementor-section-height-default\" data-id=\"5d4e3419\" data-element_type=\"section\">\n\t\t\t\t\t\t<div class=\"elementor-container elementor-column-gap-default\">\n\t\t\t\t\t<div class=\"elementor-column elementor-col-100 elementor-top-column elementor-element elementor-element-4941bd4b\" data-id=\"4941bd4b\" data-element_type=\"column\">\n\t\t\t<div class=\"elementor-widget-wrap elementor-element-populated\">\n\t\t\t\t\t\t\t\t<div class=\"elementor-element elementor-element-12f47e7e elementor-widget elementor-widget-text-editor\" data-id=\"12f47e7e\" data-element_type=\"widget\" data-widget_type=\"text-editor.default\">\n\t\t\t\t<div class=\"elementor-widget-container\">\n\t\t\t\t\t\t\t<!-- wp:table --><hr\/><br\/>&#13; <p align=\"center\"> <b>Informujemy, \u017ce Poradnia Psychologiczno-Pedagogiczna w&#13; Pruszczu Gda\u0144skim uruchomi\u0142a dodatkowy dy\u017cur telefoniczny dla&#13; dzieci, m\u0142odzie\u017cy, rodzic\u00f3w\/opiekun\u00f3w i nauczycieli w czasie ferii&#13; zimowych. Codziennie w okresie ferii, tj. w dniach od 04.01.2021 r. do&#13; 15.01.2021 r., od poniedzia\u0142ku do pi\u0105tku w godzinach 9.00-11.00&#13; udzielane s\u0105 telefoniczne porady, konsultacje, rozmowy wspieraj\u0105ce&#13; oraz interwencyjne dla dzieci, m\u0142odzie\u017cy, rodzic\u00f3w\/opiekun\u00f3w oraz&#13; nauczycieli. Zach\u0119camy uczni\u00f3w, rodzic\u00f3w oraz nauczycieli do&#13; skorzystania z pomocy i wsparcia psychologiczno-pedagogicznego&#13; udzielanego pod numerem tel. 530\u00a0600\u00a0990.<\/b><br\/><br\/><\/p>&#13; &#13; &#13; \t\t\t\t  <!-- \/wp:table -->\t\t\t\t\t\t<\/div>\n\t\t\t\t<\/div>\n\t\t\t\t\t<\/div>\n\t\t<\/div>\n\t\t\t\t\t\t\t<\/div>\n\t\t<\/section>\n\t\t\t\t<section class=\"elementor-section elementor-top-section elementor-element elementor-element-52fe1a2b elementor-section-boxed elementor-section-height-default elementor-section-height-default\" data-id=\"52fe1a2b\" data-element_type=\"section\">\n\t\t\t\t\t\t<div class=\"elementor-container elementor-column-gap-default\">\n\t\t\t\t\t<div class=\"elementor-column elementor-col-100 elementor-top-column elementor-element elementor-element-787b0c57\" data-id=\"787b0c57\" data-element_type=\"column\">\n\t\t\t<div class=\"elementor-widget-wrap elementor-element-populated\">\n\t\t\t\t\t\t\t\t<div class=\"elementor-element elementor-element-5fd119e7 elementor-widget elementor-widget-text-editor\" data-id=\"5fd119e7\" data-element_type=\"widget\" data-widget_type=\"text-editor.default\">\n\t\t\t\t<div class=\"elementor-widget-container\">\n\t\t\t\t\t\t\t<!-- wp:table --><hr\/><br\/>&#13; <p align=\"center\"> <b>Informacja o mo\u017cliwo\u015bci korzystania w dniu 08.01.2021 ze zbior\u00f3w biblioteki szkolnej w godz. 8.00-15.00<\/b><br\/><br\/><a href=\"http:\/\/pruszczgdanski.home.pl\/autoinstalator\/wordpressplugins2\/wp-content\/uploads\/2021\/08\/201231_wypozyczenia_ferie.docx\" target=\"_blank\">&#8211; &#8211; &#8211; &#8211; &#8211; PLIK (DOCX) &#8211; &#8211; &#8211; &#8211; &#8211;<\/a><\/p>&#13; &#13; <!-- \/wp:table -->\t\t\t\t\t\t<\/div>\n\t\t\t\t<\/div>\n\t\t\t\t\t<\/div>\n\t\t<\/div>\n\t\t\t\t\t\t\t<\/div>\n\t\t<\/section>\n\t\t\t\t<section class=\"elementor-section elementor-top-section elementor-element elementor-element-65cdeb6c elementor-section-boxed elementor-section-height-default elementor-section-height-default\" data-id=\"65cdeb6c\" data-element_type=\"section\">\n\t\t\t\t\t\t<div class=\"elementor-container elementor-column-gap-default\">\n\t\t\t\t\t<div class=\"elementor-column elementor-col-100 elementor-top-column elementor-element elementor-element-33453fe4\" data-id=\"33453fe4\" data-element_type=\"column\">\n\t\t\t<div class=\"elementor-widget-wrap elementor-element-populated\">\n\t\t\t\t\t\t\t\t<div class=\"elementor-element elementor-element-3d76de68 elementor-widget elementor-widget-text-editor\" data-id=\"3d76de68\" data-element_type=\"widget\" data-widget_type=\"text-editor.default\">\n\t\t\t\t<div class=\"elementor-widget-container\">\n\t\t\t\t\t\t\t<!-- wp:table --><hr\/><br\/><b><font size=\"3\" color=\"red\">Szanowni Rodzice!!!<\/font><\/b><br\/><br\/>&#13; Op\u0142aty za obiady dokonujemy poprzez przelew na konto.&#13; <p style=\"text-indent:35pt; margin-top: 0; margin-bottom: 0\"><font color=\"red\">Bank Sp\u00f3\u0142dzielczy<\/font><\/p>&#13; <p style=\"text-indent:35pt; margin-top: 0; margin-bottom: 0\"><font color=\"red\"><b>10 8335 0003 0118 7513 2000 0010<\/b><\/font><\/p>&#13; <p style=\"text-indent:35pt; margin-top: 0; margin-bottom: 0\"><font color=\"red\">W tytule p\u0142atno\u015bci prosz\u0119 poda\u0107 imi\u0119 i nazwisko dziecka oraz klas\u0119, do kt\u00f3rej ucze\u0144 ucz\u0119szcza.<\/font><\/p>&#13; Przelewy musz\u0105 by\u0107 dokonane do <i>8 dnia ka\u017cdego miesi\u0105ca. <\/i><br\/>&#13; W przypadkach nieterminowej wp\u0142aty odsetki b\u0119d\u0105 przyjmowane przez intendenta &#8211; kwota odsetek oraz potwierdzenie wp\u0142aty zostan\u0105 przekazane uczniowi. <br\/><br\/>&#13; Bardzo prosz\u0119 dokonywa\u0107 p\u0142atno\u015bci za obiady tylko za dany miesi\u0105c, bez wyprzedzenia.<br\/>&#13; &#13; <br\/><u>maj 2021r.: <\/u><br\/>zer\u00f3wki 80z\u0142 (20x4z\u0142); <br\/>klasy I-III: 68z\u0142 (17x4z\u0142); <br\/>klasy IV-VI: 24z\u0142 (6x4z\u0142); <br\/>dla uczni\u00f3w klas VII-VIII &#8211; obiady od 01.06.2021<br\/>&#13; &#13; &#13; <br\/><!-- \/wp:table -->\t\t\t\t\t\t<\/div>\n\t\t\t\t<\/div>\n\t\t\t\t\t<\/div>\n\t\t<\/div>\n\t\t\t\t\t\t\t<\/div>\n\t\t<\/section>\n\t\t\t\t<section class=\"elementor-section elementor-top-section elementor-element elementor-element-16c82942 elementor-section-boxed elementor-section-height-default elementor-section-height-default\" data-id=\"16c82942\" data-element_type=\"section\">\n\t\t\t\t\t\t<div class=\"elementor-container elementor-column-gap-default\">\n\t\t\t\t\t<div class=\"elementor-column elementor-col-100 elementor-top-column elementor-element elementor-element-68c8db35\" data-id=\"68c8db35\" data-element_type=\"column\">\n\t\t\t<div class=\"elementor-widget-wrap elementor-element-populated\">\n\t\t\t\t\t\t\t\t<div class=\"elementor-element elementor-element-60c31e5a elementor-widget elementor-widget-text-editor\" data-id=\"60c31e5a\" data-element_type=\"widget\" data-widget_type=\"text-editor.default\">\n\t\t\t\t<div class=\"elementor-widget-container\">\n\t\t\t\t\t\t\t<!-- wp:table --><hr\/>&#13; <p align=\"center\"><i>Konto Rady Rodzic\u00f3w:<\/i>  &#13; <br\/> Bank Sp\u00f3\u0142dzielczy w Pruszczu Gda\u0144skim &#13; <br\/> <b>02 8335 0003 0100 2482 2000 0001<\/b><\/p>&#13; &#13; &#13; <p align=\"center\">&#13; <a href=\"http:\/\/pruszczgdanski.home.pl\/autoinstalator\/wordpressplugins2\/wp-content\/uploads\/2021\/08\/201009_program_dla_szkol.pdf\" target=\"_blank\"><img decoding=\"async\" src=\"http:\/\/pruszczgdanski.home.pl\/autoinstalator\/wordpressplugins2\/wp-content\/uploads\/2021\/08\/201009_program_dla_szkol.jpg\"\/><\/a><br\/>&#13; <\/p>&#13; &#13; <br\/><!-- \/wp:table -->\t\t\t\t\t\t<\/div>\n\t\t\t\t<\/div>\n\t\t\t\t\t<\/div>\n\t\t<\/div>\n\t\t\t\t\t\t\t<\/div>\n\t\t<\/section>\n\t\t\t\t<section class=\"elementor-section elementor-top-section elementor-element elementor-element-77bb1426 elementor-section-boxed elementor-section-height-default elementor-section-height-default\" data-id=\"77bb1426\" data-element_type=\"section\">\n\t\t\t\t\t\t<div class=\"elementor-container elementor-column-gap-default\">\n\t\t\t\t\t<div class=\"elementor-column elementor-col-100 elementor-top-column elementor-element elementor-element-7b9a1e9d\" data-id=\"7b9a1e9d\" data-element_type=\"column\">\n\t\t\t<div class=\"elementor-widget-wrap elementor-element-populated\">\n\t\t\t\t\t\t\t\t<div class=\"elementor-element elementor-element-532fde75 elementor-widget elementor-widget-text-editor\" data-id=\"532fde75\" data-element_type=\"widget\" data-widget_type=\"text-editor.default\">\n\t\t\t\t<div class=\"elementor-widget-container\">\n\t\t\t\t\t\t\t<!-- wp:table --><hr\/>&#13; <p align=\"center\"><b>&#13; <br\/>Szanowni Rodzice,<br\/>&#13; istnieje mo\u017cliwo\u015b\u0107 ubezpieczenia dziecka od nast\u0119pstw nieszcz\u0119\u015bliwych wypadk\u00f3w. Prosz\u0119 zapozna\u0107 si\u0119 z ulotk\u0105 i wybra\u0107 kwot\u0119 ubezpieczenia. P\u0142atno\u015b\u0107 przez internet zgodnie z instrukcj\u0105.<br\/>&#13; <i>Dyrektor &#8211; El\u017cbieta Dzia\u0142oszewska<\/i><br\/><br\/>&#13; <a href=\"http:\/\/pruszczgdanski.home.pl\/autoinstalator\/wordpressplugins2\/wp-content\/uploads\/2021\/08\/200827_ulotka_nw_dzieci_i_mlodziezy_sp_legowo.pdf\" target=\"_blank\"> &#8212; &#8212; ULOTKA INFORMACYJNA &#8212; &#8212; <\/a><br\/>&#13; <a href=\"http:\/\/pruszczgdanski.home.pl\/autoinstalator\/wordpressplugins2\/wp-content\/uploads\/2021\/08\/nnw_karta.pdf\" target=\"_blank\"> &#8212; &#8212; KARTA PRODUKTU &#8212; &#8212; <\/a><br\/>&#13; <a href=\"http:\/\/pruszczgdanski.home.pl\/autoinstalator\/wordpressplugins2\/wp-content\/uploads\/2021\/08\/owu_nnw_szkolne_v_rodo.pdf\" target=\"_blank\"> &#8212; &#8212; OG\u00d3LNE WARUNKI UBEZPIECZENIA &#8212; &#8212; <\/a><br\/>&#13; <a href=\"http:\/\/pruszczgdanski.home.pl\/autoinstalator\/wordpressplugins2\/wp-content\/uploads\/2021\/08\/zal1_owu_nnw_szkolne.pdf\" target=\"_blank\"> &#8212; &#8212; ZA\u0141. NR 1 DO OWU &#8212; &#8212; <\/a><br\/>&#13; <a href=\"http:\/\/pruszczgdanski.home.pl\/autoinstalator\/wordpressplugins2\/wp-content\/uploads\/2021\/08\/instrukcja_wypelniania_na_stronie.docx\" target=\"_blank\"> &#8212; &#8212; Instrukcja &#8211; strona internetowa &#8212; &#8212; <\/a><br\/>&#13; U W A G A &#8211; FIRMA UBEZPIECZENIOWA PRZED\u0141U\u017bY\u0141A MO\u017bLIWO\u015a\u0106 UBEZPIECZANIA DO 30.10.2020<br\/>&#13; <\/b><\/p>&#13; &#13; <!-- \/wp:table -->\t\t\t\t\t\t<\/div>\n\t\t\t\t<\/div>\n\t\t\t\t\t<\/div>\n\t\t<\/div>\n\t\t\t\t\t\t\t<\/div>\n\t\t<\/section>\n\t\t\t\t<section class=\"elementor-section elementor-top-section elementor-element elementor-element-7cfb1cce elementor-section-boxed elementor-section-height-default elementor-section-height-default\" data-id=\"7cfb1cce\" data-element_type=\"section\">\n\t\t\t\t\t\t<div class=\"elementor-container elementor-column-gap-default\">\n\t\t\t\t\t<div class=\"elementor-column elementor-col-100 elementor-top-column elementor-element elementor-element-451f9c11\" data-id=\"451f9c11\" data-element_type=\"column\">\n\t\t\t<div class=\"elementor-widget-wrap elementor-element-populated\">\n\t\t\t\t\t\t\t\t<div class=\"elementor-element elementor-element-63d24fa7 elementor-widget elementor-widget-text-editor\" data-id=\"63d24fa7\" data-element_type=\"widget\" data-widget_type=\"text-editor.default\">\n\t\t\t\t<div class=\"elementor-widget-container\">\n\t\t\t\t\t\t\t<!-- wp:table --><hr\/><p align=\"center\"> <a href=\"http:\/\/pruszczgdanski.home.pl\/autoinstalator\/wordpressplugins2\/wp-content\/uploads\/2021\/08\/wniosek-o-bilet-21_22.doc\" target=\"_blank\">Wniosek o bilet na rok szkolny 2021\/2022<br\/>&#13; Wnioski na nowy rok szkolny nale\u017cy sk\u0142ada\u0107 w sekretariacie szko\u0142y <br\/>lub podpisany zeskanowany dokument przes\u0142a\u0107 na adres sekretariat@splegowo.pl do 15 sierpnia 2021 roku <\/a>&#13; <\/p>&#13; &#13; \t\t\t  &#13; &#13; &#13; &#13; &#13; <!-- \/wp:table -->\t\t\t\t\t\t<\/div>\n\t\t\t\t<\/div>\n\t\t\t\t\t<\/div>\n\t\t<\/div>\n\t\t\t\t\t\t\t<\/div>\n\t\t<\/section>\n\t\t\t\t<section class=\"elementor-section elementor-top-section elementor-element elementor-element-2bda8d50 elementor-section-boxed elementor-section-height-default elementor-section-height-default\" data-id=\"2bda8d50\" data-element_type=\"section\">\n\t\t\t\t\t\t<div class=\"elementor-container elementor-column-gap-default\">\n\t\t\t\t\t<div class=\"elementor-column elementor-col-100 elementor-top-column elementor-element elementor-element-3492dc5c\" data-id=\"3492dc5c\" data-element_type=\"column\">\n\t\t\t<div class=\"elementor-widget-wrap elementor-element-populated\">\n\t\t\t\t\t\t\t\t<div class=\"elementor-element elementor-element-4d0f6b06 elementor-widget elementor-widget-text-editor\" data-id=\"4d0f6b06\" data-element_type=\"widget\" data-widget_type=\"text-editor.default\">\n\t\t\t\t<div class=\"elementor-widget-container\">\n\t\t\t\t\t\t\t<!-- wp:table --><hr\/>&#13; <p align=\"center\"><b><a href=\"http:\/\/pruszczgdanski.home.pl\/autoinstalator\/wordpressplugins2\/wp-content\/uploads\/2021\/08\/pomoc_psych_ped.pdf\" target=\"_blank\">&#8211; &#8211; &#8211; Pomoc psychologiczno &#8211; pedagogiczna &#8211; lista os\u00f3b i instytucji (.pdf) &#8211; &#8211; &#8211;<\/a><br\/><\/b><\/p>&#13; &#13; <!-- \/wp:table -->\t\t\t\t\t\t<\/div>\n\t\t\t\t<\/div>\n\t\t\t\t\t<\/div>\n\t\t<\/div>\n\t\t\t\t\t\t\t<\/div>\n\t\t<\/section>\n\t\t\t\t<section class=\"elementor-section elementor-top-section elementor-element elementor-element-30c5fc70 elementor-section-boxed elementor-section-height-default elementor-section-height-default\" data-id=\"30c5fc70\" data-element_type=\"section\">\n\t\t\t\t\t\t<div class=\"elementor-container elementor-column-gap-default\">\n\t\t\t\t\t<div class=\"elementor-column elementor-col-100 elementor-top-column elementor-element elementor-element-4f6cb499\" data-id=\"4f6cb499\" data-element_type=\"column\">\n\t\t\t<div class=\"elementor-widget-wrap elementor-element-populated\">\n\t\t\t\t\t\t\t\t<div class=\"elementor-element elementor-element-371feb28 elementor-widget elementor-widget-text-editor\" data-id=\"371feb28\" data-element_type=\"widget\" data-widget_type=\"text-editor.default\">\n\t\t\t\t<div class=\"elementor-widget-container\">\n\t\t\t\t\t\t\t<!-- wp:table --><hr\/>&#13; <p style=\"text-indent:35pt; margin-bottom: 0\">Poni\u017cej zamieszczamy skr\u00f3t do dziennika i do poradnika &#8211; Pierwsze logowanie.<\/p>&#13; <p align=\"center\"><b><a href=\"https:\/\/uonetplus.vulcan.net.pl\/gminapruszczgdanski\/\" target=\"_blank\">&#8211; &#8211; &#8211; Dziennik elektroniczny: <i>uonetplus.vulcan.net.pl\/gminapruszczgdanski<\/i> &#8211; &#8211; &#8211;<\/a><br\/><\/b><\/p>&#13; <p align=\"center\"><b><a href=\"http:\/\/pruszczgdanski.home.pl\/autoinstalator\/wordpressplugins2\/wp-content\/uploads\/2021\/08\/uonetplus_pierwsze-logowanie.pdf\" target=\"_blank\"> &#8211; &#8211; &#8211; Pierwsze logowanie &#8211; &#8211; &#8211; <\/a><br\/><\/b><\/p>&#13; &#13; <!-- \/wp:table -->\t\t\t\t\t\t<\/div>\n\t\t\t\t<\/div>\n\t\t\t\t\t<\/div>\n\t\t<\/div>\n\t\t\t\t\t\t\t<\/div>\n\t\t<\/section>\n\t\t\t\t<section class=\"elementor-section elementor-top-section elementor-element elementor-element-376b81c9 elementor-section-boxed elementor-section-height-default elementor-section-height-default\" data-id=\"376b81c9\" data-element_type=\"section\">\n\t\t\t\t\t\t<div class=\"elementor-container elementor-column-gap-default\">\n\t\t\t\t\t<div class=\"elementor-column elementor-col-100 elementor-top-column elementor-element elementor-element-1067171b\" data-id=\"1067171b\" data-element_type=\"column\">\n\t\t\t<div class=\"elementor-widget-wrap elementor-element-populated\">\n\t\t\t\t\t\t\t\t<div class=\"elementor-element elementor-element-67cd01af elementor-widget elementor-widget-text-editor\" data-id=\"67cd01af\" data-element_type=\"widget\" data-widget_type=\"text-editor.default\">\n\t\t\t\t<div class=\"elementor-widget-container\">\n\t\t\t\t\t\t\t<!-- wp:table --><hr\/>&#13; <p align=\"center\"><a href=\"https:\/\/www.gov.pl\/web\/edukacja\/kalendarz-roku-szkolnego-2020-21\" target=\"_blank\"><b> &#8212; &#8212; Kalendarz roku szkolnego 2020\/2021 &#8212; &#8212; <\/b><\/a>&#13; <br\/>(link na stron\u0119 ministerstwa)&#13; <\/p>&#13; &#13; <!-- \/wp:table -->\t\t\t\t\t\t<\/div>\n\t\t\t\t<\/div>\n\t\t\t\t\t<\/div>\n\t\t<\/div>\n\t\t\t\t\t\t\t<\/div>\n\t\t<\/section>\n\t\t\t\t<section class=\"elementor-section elementor-top-section elementor-element elementor-element-7f1fd25 elementor-section-boxed elementor-section-height-default elementor-section-height-default\" data-id=\"7f1fd25\" data-element_type=\"section\">\n\t\t\t\t\t\t<div class=\"elementor-container elementor-column-gap-default\">\n\t\t\t\t\t<div class=\"elementor-column elementor-col-100 elementor-top-column elementor-element elementor-element-2cb726ba\" data-id=\"2cb726ba\" data-element_type=\"column\">\n\t\t\t<div class=\"elementor-widget-wrap elementor-element-populated\">\n\t\t\t\t\t\t\t\t<div class=\"elementor-element elementor-element-744a7c69 elementor-widget elementor-widget-text-editor\" data-id=\"744a7c69\" data-element_type=\"widget\" data-widget_type=\"text-editor.default\">\n\t\t\t\t<div class=\"elementor-widget-container\">\n\t\t\t\t\t\t\t<!-- wp:table --><hr\/>&#13; <p align=\"center\"><b>Dni dodatkowo wolne od zaj\u0119\u0107 dydaktycznych w roku szkolnym 2020\/2021:<b\/><\/b><\/p>&#13; <\/div><!-- \/wp:table -->\t\t\t\t\t\t<\/div>\n\t\t\t\t<\/div>\n\t\t\t\t\t<\/div>\n\t\t<\/div>\n\t\t\t\t\t\t\t<\/div>\n\t\t<\/section>\n\t\t\t\t\t\t\t<\/div>\n\t\t","protected":false},"excerpt":{"rendered":"<p>Szanowni Rodzice!!! Drodzy Uczniowie!!!&#13; Od dnia 17 maja serdecznie zapraszamy do szko\u0142y uczni\u00f3w klas IV-VIII. Cieszymy si\u0119 na spotkanie z &hellip; <\/p>\n","protected":false},"author":1,"featured_media":0,"parent":0,"menu_order":0,"comment_status":"closed","ping_status":"closed","template":"","meta":[],"_links":{"self":[{"href":"https:\/\/splegowo.pl\/index.php\/wp-json\/wp\/v2\/pages\/23"}],"collection":[{"href":"https:\/\/splegowo.pl\/index.php\/wp-json\/wp\/v2\/pages"}],"about":[{"href":"https:\/\/splegowo.pl\/index.php\/wp-json\/wp\/v2\/types\/page"}],"author":[{"embeddable":true,"href":"https:\/\/splegowo.pl\/index.php\/wp-json\/wp\/v2\/users\/1"}],"replies":[{"embeddable":true,"href":"https:\/\/splegowo.pl\/index.php\/wp-json\/wp\/v2\/comments?post=23"}],"version-history":[{"count":0,"href":"https:\/\/splegowo.pl\/index.php\/wp-json\/wp\/v2\/pages\/23\/revisions"}],"wp:attachment":[{"href":"https:\/\/splegowo.pl\/index.php\/wp-json\/wp\/v2\/media?parent=23"}],"curies":[{"name":"wp","href":"https:\/\/api.w.org\/{rel}","templated":true}]}}