{"id":20420,"date":"2023-10-23T11:21:26","date_gmt":"2023-10-23T09:21:26","guid":{"rendered":"https:\/\/splegowo.pl\/?page_id=20420"},"modified":"2025-11-03T07:52:23","modified_gmt":"2025-11-03T06:52:23","slug":"kalendarz-roku-szkolnego","status":"publish","type":"page","link":"https:\/\/splegowo.pl\/index.php\/kalendarz-roku-szkolnego\/","title":{"rendered":"Kalendarz roku szkolnego"},"content":{"rendered":"\t\t<div data-elementor-type=\"wp-page\" data-elementor-id=\"20420\" class=\"elementor elementor-20420\">\n\t\t\t\t\t\t\t\t\t<section class=\"elementor-section elementor-top-section elementor-element elementor-element-56db60d5 elementor-section-boxed elementor-section-height-default elementor-section-height-default\" data-id=\"56db60d5\" data-element_type=\"section\">\n\t\t\t\t\t\t<div class=\"elementor-container elementor-column-gap-default\">\n\t\t\t\t\t<div class=\"elementor-column elementor-col-100 elementor-top-column elementor-element elementor-element-491ea817\" data-id=\"491ea817\" data-element_type=\"column\">\n\t\t\t<div class=\"elementor-widget-wrap elementor-element-populated\">\n\t\t\t\t\t\t\t\t<div class=\"elementor-element elementor-element-79f70d1c elementor-widget elementor-widget-text-editor\" data-id=\"79f70d1c\" data-element_type=\"widget\" data-widget_type=\"text-editor.default\">\n\t\t\t\t<div class=\"elementor-widget-container\">\n\t\t\t\t\t\t\t<p><!-- wp:paragraph {\"fontSize\":\"medium\"} --><\/p>\n<h2><strong>Rok szkolny 2025\/2026<\/strong><\/h2>\n<p><!-- \/wp:paragraph --><\/p>\n<p><!-- wp:paragraph --><\/p>\n<p><em>&nbsp;<\/em><\/p>\n<h3><em>Dni dodatkowo wolne od zaj\u0119\u0107 dydaktycznych:<\/em><\/h3>\n<p><!-- \/wp:paragraph --><\/p>\n<p><!-- wp:paragraph --><\/p>\n<p>10.11.2025&nbsp; &#8211; poniedzia\u0142ek<br>02, 05 .01.2026 &#8211; pi\u0105tek, poniedzia\u0142ek&nbsp;<br>11,12,13.05.2026 &#8211; poniedzia\u0142ek, wtorek, \u015broda &nbsp; &#8211; egzamin \u00f3smoklasisty<br>05.06.2026 &#8211; pi\u0105tek&nbsp;<\/p>\n<p><!-- \/wp:paragraph --><\/p>\n<p><!-- wp:paragraph --><\/p>\n<p><em>&nbsp;<\/em><\/p>\n<h3><em>Dni wolne z tytu\u0142u \u015bwi\u0105t i ferii:<\/em><\/h3>\n<p><!-- \/wp:paragraph --><\/p>\n<p><!-- wp:paragraph --><\/p>\n<p>14.10.2025 &#8211; Dzie\u0144 Edukacji Narodowej<br>01.11.2025 &#8211; Wszystkich \u015awi\u0119tych<br>11.11.2025 &#8211; Narodowe \u015awi\u0119to Niepodleg\u0142o\u015bci<br>22.12.2025-06.01.2026 &#8211; Zimowa przerwa \u015bwi\u0105teczna<br>01.01.2026 &#8211; Nowy Rok<br>06.01.2026 &#8211; Trzech Kr\u00f3li (Objawienie Pa\u0144skie)<br>19.01-01.02.2026 &#8211; Ferie zimowe<br>02.04-07.04.2026 &#8211; Wiosenna przerwa \u015bwi\u0105teczna<br>01.05.2026 &#8211; Mi\u0119dzynarodowe \u015awi\u0119to Pracy<br>03.05.2026 &#8211; \u015awi\u0119to Konstytucji 3 Maja<br>04.06.2026 &#8211; Bo\u017ce Cia\u0142o<\/p>\n<p><\/p>\n<h3 style=\"font-family: var(--secondary-font);\"><em>Terminy wywiad\u00f3wek:<\/em><\/h3>\n<p><\/p>\n<p><span style=\"color: var( --e-global-color-text ); font-family: var( --e-global-typography-text-font-family ), Sans-serif; font-weight: var( --e-global-typography-text-font-weight ); font-size: 1.8rem;\">11.09.2025<\/span><\/p>\n<p>10.12.2025<\/p>\n<p><\/p>\n<p><!-- \/wp:paragraph --><\/p>\n<p><!-- wp:paragraph --><\/p>\n<p><br><\/p>\n<p><!-- \/wp:paragraph --><\/p>\t\t\t\t\t\t<\/div>\n\t\t\t\t<\/div>\n\t\t\t\t\t<\/div>\n\t\t<\/div>\n\t\t\t\t\t\t\t<\/div>\n\t\t<\/section>\n\t\t\t\t\t\t\t<\/div>\n\t\t","protected":false},"excerpt":{"rendered":"<p>Rok szkolny 2025\/2026 &nbsp; Dni dodatkowo wolne od zaj\u0119\u0107 dydaktycznych: 10.11.2025&nbsp; &#8211; poniedzia\u0142ek02, 05 .01.2026 &#8211; pi\u0105tek, poniedzia\u0142ek&nbsp;11,12,13.05.2026 &#8211; poniedzia\u0142ek, &hellip; <\/p>\n","protected":false},"author":1,"featured_media":0,"parent":0,"menu_order":0,"comment_status":"closed","ping_status":"closed","template":"","meta":[],"_links":{"self":[{"href":"https:\/\/splegowo.pl\/index.php\/wp-json\/wp\/v2\/pages\/20420"}],"collection":[{"href":"https:\/\/splegowo.pl\/index.php\/wp-json\/wp\/v2\/pages"}],"about":[{"href":"https:\/\/splegowo.pl\/index.php\/wp-json\/wp\/v2\/types\/page"}],"author":[{"embeddable":true,"href":"https:\/\/splegowo.pl\/index.php\/wp-json\/wp\/v2\/users\/1"}],"replies":[{"embeddable":true,"href":"https:\/\/splegowo.pl\/index.php\/wp-json\/wp\/v2\/comments?post=20420"}],"version-history":[{"count":24,"href":"https:\/\/splegowo.pl\/index.php\/wp-json\/wp\/v2\/pages\/20420\/revisions"}],"predecessor-version":[{"id":26463,"href":"https:\/\/splegowo.pl\/index.php\/wp-json\/wp\/v2\/pages\/20420\/revisions\/26463"}],"wp:attachment":[{"href":"https:\/\/splegowo.pl\/index.php\/wp-json\/wp\/v2\/media?parent=20420"}],"curies":[{"name":"wp","href":"https:\/\/api.w.org\/{rel}","templated":true}]}}