{"id":19320,"date":"2023-03-20T08:38:12","date_gmt":"2023-03-20T07:38:12","guid":{"rendered":"https:\/\/splegowo.pl\/?page_id=19320"},"modified":"2023-03-20T08:39:09","modified_gmt":"2023-03-20T07:39:09","slug":"rodo","status":"publish","type":"page","link":"https:\/\/splegowo.pl\/index.php\/rodo\/","title":{"rendered":"RODO"},"content":{"rendered":"\t\t<div data-elementor-type=\"wp-page\" data-elementor-id=\"19320\" class=\"elementor elementor-19320\">\n\t\t\t\t\t\t\t\t\t<section class=\"elementor-section elementor-top-section elementor-element elementor-element-56d8bcdb elementor-section-boxed elementor-section-height-default elementor-section-height-default\" data-id=\"56d8bcdb\" data-element_type=\"section\">\n\t\t\t\t\t\t<div class=\"elementor-container elementor-column-gap-default\">\n\t\t\t\t\t<div class=\"elementor-column elementor-col-100 elementor-top-column elementor-element elementor-element-4b88c074\" data-id=\"4b88c074\" data-element_type=\"column\">\n\t\t\t<div class=\"elementor-widget-wrap elementor-element-populated\">\n\t\t\t\t\t\t\t\t<div class=\"elementor-element elementor-element-14c8df53 elementor-widget elementor-widget-text-editor\" data-id=\"14c8df53\" data-element_type=\"widget\" data-widget_type=\"text-editor.default\">\n\t\t\t\t<div class=\"elementor-widget-container\">\n\t\t\t\t\t\t\t<p><!-- wp:paragraph --><\/p>\n<p class=\"MsoNormal\" align=\"center\" style=\"text-align:center\"><a name=\"_Hlk80078757\"><b>KLAUZULA\nINFORMACYJNA OG\u00d3LNA<o:p><\/o:p><\/b><\/a><\/p><p class=\"MsoNormal\"><span style=\"font-size:12.0pt;line-height:107%\">Zgodnie z art. 13 og\u00f3lnego\nrozporz\u0105dzenia o ochronie danych osobowych z dnia 27 kwietnia 2016 r. (Dz. Urz.\nUE L 119 z 04.05.2016) informuje si\u0119, i\u017c: <o:p><\/o:p><\/span><\/p><p class=\"MsoListParagraphCxSpFirst\" style=\"text-indent:-18.0pt;mso-list:l0 level1 lfo1\"><!--[if !supportLists]--><span style=\"font-family:\n&quot;Calibri&quot;,sans-serif;mso-ascii-theme-font:minor-latin;mso-fareast-font-family:\nCalibri;mso-fareast-theme-font:minor-latin;mso-hansi-theme-font:minor-latin;\nmso-bidi-theme-font:minor-latin\">1.<span style=\"font-variant-numeric: normal; font-variant-east-asian: normal; font-variant-alternates: normal; font-kerning: auto; font-optical-sizing: auto; font-feature-settings: normal; font-variation-settings: normal; font-stretch: normal; font-size: 7pt; line-height: normal; font-family: &quot;Times New Roman&quot;;\">&nbsp;&nbsp;&nbsp;&nbsp;&nbsp; <\/span><\/span><!--[endif]--><span style=\"font-family:&quot;Calibri&quot;,sans-serif;mso-ascii-theme-font:minor-latin;\nmso-hansi-theme-font:minor-latin;mso-bidi-theme-font:minor-latin\">Administratorem\ndanych osobowych uczni\u00f3w i ich opiekun\u00f3w prawnych jest Szko\u0142a Podstawowa im.\nBohater\u00f3w Grudnia &#8217;70 w \u0141\u0119gowie, ul. Szkolna 9, 83-031 \u0141\u0119gowo, kt\u00f3ra\nreprezentowana jest przez Dyrektora Szko\u0142y. Kontakt <\/span><a href=\"mailto:sekretariat@splegowo.pl\"><span style=\"font-family:&quot;Calibri&quot;,sans-serif;mso-ascii-theme-font:minor-latin;\nmso-hansi-theme-font:minor-latin;mso-bidi-theme-font:minor-latin\">sekretariat@splegowo.pl<\/span><\/a><span style=\"font-family:&quot;Calibri&quot;,sans-serif;\nmso-ascii-theme-font:minor-latin;mso-hansi-theme-font:minor-latin;mso-bidi-theme-font:\nminor-latin\">, nr tel. 58&nbsp;682 85 24,<o:p><\/o:p><\/span><\/p><p class=\"MsoListParagraphCxSpMiddle\" style=\"text-indent:-18.0pt;mso-list:l0 level1 lfo1\"><!--[if !supportLists]--><span style=\"font-family:\n&quot;Calibri&quot;,sans-serif;mso-ascii-theme-font:minor-latin;mso-fareast-font-family:\nCalibri;mso-fareast-theme-font:minor-latin;mso-hansi-theme-font:minor-latin;\nmso-bidi-theme-font:minor-latin\">2.<span style=\"font-variant-numeric: normal; font-variant-east-asian: normal; font-variant-alternates: normal; font-kerning: auto; font-optical-sizing: auto; font-feature-settings: normal; font-variation-settings: normal; font-stretch: normal; font-size: 7pt; line-height: normal; font-family: &quot;Times New Roman&quot;;\">&nbsp;&nbsp;&nbsp;&nbsp;&nbsp; <\/span><\/span><!--[endif]--><span style=\"font-family:&quot;Calibri&quot;,sans-serif;mso-ascii-theme-font:minor-latin;\nmso-hansi-theme-font:minor-latin;mso-bidi-theme-font:minor-latin\">Kontakt z\nInspektorem Ochrony Danych: Wojciech Leszczy\u0144ski, mail: <\/span><a href=\"mailto:inspektor.odo@gmail.com\"><span style=\"font-family:&quot;Calibri&quot;,sans-serif;mso-ascii-theme-font:minor-latin;\nmso-hansi-theme-font:minor-latin;mso-bidi-theme-font:minor-latin\">inspektor.odo@gmail.com<\/span><\/a><span style=\"font-family:&quot;Calibri&quot;,sans-serif;\nmso-ascii-theme-font:minor-latin;mso-hansi-theme-font:minor-latin;mso-bidi-theme-font:\nminor-latin\">,<o:p><\/o:p><\/span><\/p><p class=\"MsoListParagraphCxSpMiddle\" style=\"text-indent:-18.0pt;mso-list:l0 level1 lfo1\"><!--[if !supportLists]--><span style=\"font-family:\n&quot;Calibri&quot;,sans-serif;mso-ascii-theme-font:minor-latin;mso-fareast-font-family:\nCalibri;mso-fareast-theme-font:minor-latin;mso-hansi-theme-font:minor-latin;\nmso-bidi-theme-font:minor-latin\">3.<span style=\"font-variant-numeric: normal; font-variant-east-asian: normal; font-variant-alternates: normal; font-kerning: auto; font-optical-sizing: auto; font-feature-settings: normal; font-variation-settings: normal; font-stretch: normal; font-size: 7pt; line-height: normal; font-family: &quot;Times New Roman&quot;;\">&nbsp;&nbsp;&nbsp;&nbsp;&nbsp; <\/span><\/span><!--[endif]--><span style=\"font-family:&quot;Calibri&quot;,sans-serif;mso-ascii-theme-font:minor-latin;\nmso-hansi-theme-font:minor-latin;mso-bidi-theme-font:minor-latin\">Dane osobowe\nprzetwarzane b\u0119d\u0105 w celu realizacji zada\u0144 dydaktycznych, wychowawczych i\nopieku\u0144czych, zgodnie z Ustaw\u0105 z dnia 14 grudnia 2016 r. Prawo O\u015bwiatowe,\nustawa z dnia 15 kwietnia 2011 r. o systemie informacji o\u015bwiatowej, Karta\nNauczyciela, Kodeks Pracy, ustawa o systemie o\u015bwiaty, ustawa o finansowaniu\nzada\u0144 o\u015bwiatowych oraz akt\u00f3w wykonawczych do ww. ustaw. Na podstawie Art. 6\nust. 1 lit. c &nbsp;og\u00f3lnego rozporz\u0105dzenia o\nochronie danych osobowych z dnia 27 kwietnia 2016 r. Pani\/Pana dane osobowe\nprzetwarzane b\u0119d\u0105 na podstawie Art. 6 ust. 1 lit. a (zgoda osoby) og\u00f3lnego\nrozporz\u0105dzenia o ochronie danych osobowych z dnia 27 kwietnia 2016 r, w\nniekt\u00f3rych przypadkach na podstawie Art. 9 (pomoc psychologiczno-pedagogiczna)\nog\u00f3lnego rozporz\u0105dzenia o ochronie danych osobowych z dnia 27 kwietnia 2016 r.,<o:p><\/o:p><\/span><\/p><p class=\"MsoListParagraphCxSpMiddle\" style=\"text-indent:-18.0pt;mso-list:l0 level1 lfo1\"><!--[if !supportLists]--><span style=\"font-family:\n&quot;Calibri&quot;,sans-serif;mso-ascii-theme-font:minor-latin;mso-fareast-font-family:\nCalibri;mso-fareast-theme-font:minor-latin;mso-hansi-theme-font:minor-latin;\nmso-bidi-theme-font:minor-latin\">4.<span style=\"font-variant-numeric: normal; font-variant-east-asian: normal; font-variant-alternates: normal; font-kerning: auto; font-optical-sizing: auto; font-feature-settings: normal; font-variation-settings: normal; font-stretch: normal; font-size: 7pt; line-height: normal; font-family: &quot;Times New Roman&quot;;\">&nbsp;&nbsp;&nbsp;&nbsp;&nbsp; <\/span><\/span><!--[endif]--><span style=\"font-family:&quot;Calibri&quot;,sans-serif;mso-ascii-theme-font:minor-latin;\nmso-hansi-theme-font:minor-latin;mso-bidi-theme-font:minor-latin\">Dane osobowe\nprzechowywane b\u0119d\u0105 w czasie zgodnym z przepisami w\/w Ustaw a dane dobrowolnie\npodane w terminie na jaki zosta\u0142a udzielona zgoda,<o:p><\/o:p><\/span><\/p><p class=\"MsoListParagraphCxSpMiddle\" style=\"text-indent:-18.0pt;mso-list:l0 level1 lfo1\"><!--[if !supportLists]--><span style=\"font-family:\n&quot;Calibri&quot;,sans-serif;mso-ascii-theme-font:minor-latin;mso-fareast-font-family:\nCalibri;mso-fareast-theme-font:minor-latin;mso-hansi-theme-font:minor-latin;\nmso-bidi-theme-font:minor-latin\">5.<span style=\"font-variant-numeric: normal; font-variant-east-asian: normal; font-variant-alternates: normal; font-kerning: auto; font-optical-sizing: auto; font-feature-settings: normal; font-variation-settings: normal; font-stretch: normal; font-size: 7pt; line-height: normal; font-family: &quot;Times New Roman&quot;;\">&nbsp;&nbsp;&nbsp;&nbsp;&nbsp; <\/span><\/span><!--[endif]--><span style=\"font-family:&quot;Calibri&quot;,sans-serif;mso-ascii-theme-font:minor-latin;\nmso-hansi-theme-font:minor-latin;mso-bidi-theme-font:minor-latin\">Posiadasz\nprawo do dost\u0119pu do danych osobowych, ich sprostowania, ograniczenia\nprzetwarzania, odwo\u0142ania uprzednio udzielonej zgody oraz prawo do wniesienia\nskargi do Prezesa Urz\u0119du Ochrony Danych Osobowych,<o:p><\/o:p><\/span><\/p><p class=\"MsoListParagraphCxSpMiddle\" style=\"text-indent:-18.0pt;mso-list:l0 level1 lfo1\"><!--[if !supportLists]--><span style=\"font-family:\n&quot;Calibri&quot;,sans-serif;mso-ascii-theme-font:minor-latin;mso-fareast-font-family:\nCalibri;mso-fareast-theme-font:minor-latin;mso-hansi-theme-font:minor-latin;\nmso-bidi-theme-font:minor-latin\">6.<span style=\"font-variant-numeric: normal; font-variant-east-asian: normal; font-variant-alternates: normal; font-kerning: auto; font-optical-sizing: auto; font-feature-settings: normal; font-variation-settings: normal; font-stretch: normal; font-size: 7pt; line-height: normal; font-family: &quot;Times New Roman&quot;;\">&nbsp;&nbsp;&nbsp;&nbsp;&nbsp; <\/span><\/span><!--[endif]--><span style=\"font-family:&quot;Calibri&quot;,sans-serif;mso-ascii-theme-font:minor-latin;\nmso-hansi-theme-font:minor-latin;mso-bidi-theme-font:minor-latin\">Podanie\ndanych osobowych jest obowi\u0105zkowe ze wzgl\u0119du na przepisy prawa a w pozosta\u0142ym\nzakresie jest dobrowolne,<o:p><\/o:p><\/span><\/p><p class=\"MsoListParagraphCxSpMiddle\" style=\"text-indent:-18.0pt;mso-list:l0 level1 lfo1\"><!--[if !supportLists]--><span style=\"font-family:\n&quot;Calibri&quot;,sans-serif;mso-ascii-theme-font:minor-latin;mso-fareast-font-family:\nCalibri;mso-fareast-theme-font:minor-latin;mso-hansi-theme-font:minor-latin;\nmso-bidi-theme-font:minor-latin\">7.<span style=\"font-variant-numeric: normal; font-variant-east-asian: normal; font-variant-alternates: normal; font-kerning: auto; font-optical-sizing: auto; font-feature-settings: normal; font-variation-settings: normal; font-stretch: normal; font-size: 7pt; line-height: normal; font-family: &quot;Times New Roman&quot;;\">&nbsp;&nbsp;&nbsp;&nbsp;&nbsp; <\/span><\/span><!--[endif]--><span style=\"font-family:&quot;Calibri&quot;,sans-serif;mso-ascii-theme-font:minor-latin;\nmso-hansi-theme-font:minor-latin;mso-bidi-theme-font:minor-latin\">Odbiorcami\nPani\/Pana danych osobowych b\u0119d\u0105 podmioty upowa\u017cnione na podstawie przepis\u00f3w\nprawa, organizatorzy konkurs\u00f3w, organizatorzy wycieczek i podmioty\nwsp\u00f3\u0142pracuj\u0105ce na podstawie odr\u0119bnych um\u00f3w dane przekazywane b\u0119d\u0105 w zakresie\nrealizacji tych um\u00f3w,<o:p><\/o:p><\/span><\/p><p class=\"MsoListParagraphCxSpLast\" style=\"text-indent:-18.0pt;mso-list:l0 level1 lfo1\"><!--[if !supportLists]--><span style=\"font-family:\n&quot;Calibri&quot;,sans-serif;mso-ascii-theme-font:minor-latin;mso-fareast-font-family:\nCalibri;mso-fareast-theme-font:minor-latin;mso-hansi-theme-font:minor-latin;\nmso-bidi-theme-font:minor-latin\">8.<span style=\"font-variant-numeric: normal; font-variant-east-asian: normal; font-variant-alternates: normal; font-kerning: auto; font-optical-sizing: auto; font-feature-settings: normal; font-variation-settings: normal; font-stretch: normal; font-size: 7pt; line-height: normal; font-family: &quot;Times New Roman&quot;;\">&nbsp;&nbsp;&nbsp;&nbsp;&nbsp; <\/span><\/span><!--[endif]--><span style=\"font-family:&quot;Calibri&quot;,sans-serif;mso-ascii-theme-font:minor-latin;\nmso-hansi-theme-font:minor-latin;mso-bidi-theme-font:minor-latin\">Pani\/Pana\ndane osobowe nie podlegaj\u0105 zautomatyzowanemu podejmowaniu decyzji, w tym\nprofilowaniu<\/span><span style=\"font-family:&quot;Calibri&quot;,sans-serif;\nmso-ascii-theme-font:minor-latin;mso-hansi-theme-font:minor-latin;mso-bidi-theme-font:\nminor-latin\">.<o:p><\/o:p><\/span><\/p><p>\n\n\n\n\n\n\n\n\n\n\n\n\n\n\n\n\n\n\n\n<\/p><p class=\"MsoNormal\"><o:p>&nbsp;<\/o:p><\/p><ol type=\"1\">\n<\/ol>\n<p><!-- \/wp:list --><\/p>\t\t\t\t\t\t<\/div>\n\t\t\t\t<\/div>\n\t\t\t\t\t<\/div>\n\t\t<\/div>\n\t\t\t\t\t\t\t<\/div>\n\t\t<\/section>\n\t\t\t\t\t\t\t<\/div>\n\t\t","protected":false},"excerpt":{"rendered":"<p>KLAUZULA INFORMACYJNA OG\u00d3LNA Zgodnie z art. 13 og\u00f3lnego rozporz\u0105dzenia o ochronie danych osobowych z dnia 27 kwietnia 2016 r. (Dz. &hellip; <\/p>\n","protected":false},"author":1,"featured_media":0,"parent":0,"menu_order":0,"comment_status":"closed","ping_status":"closed","template":"","meta":[],"_links":{"self":[{"href":"https:\/\/splegowo.pl\/index.php\/wp-json\/wp\/v2\/pages\/19320"}],"collection":[{"href":"https:\/\/splegowo.pl\/index.php\/wp-json\/wp\/v2\/pages"}],"about":[{"href":"https:\/\/splegowo.pl\/index.php\/wp-json\/wp\/v2\/types\/page"}],"author":[{"embeddable":true,"href":"https:\/\/splegowo.pl\/index.php\/wp-json\/wp\/v2\/users\/1"}],"replies":[{"embeddable":true,"href":"https:\/\/splegowo.pl\/index.php\/wp-json\/wp\/v2\/comments?post=19320"}],"version-history":[{"count":3,"href":"https:\/\/splegowo.pl\/index.php\/wp-json\/wp\/v2\/pages\/19320\/revisions"}],"predecessor-version":[{"id":19323,"href":"https:\/\/splegowo.pl\/index.php\/wp-json\/wp\/v2\/pages\/19320\/revisions\/19323"}],"wp:attachment":[{"href":"https:\/\/splegowo.pl\/index.php\/wp-json\/wp\/v2\/media?parent=19320"}],"curies":[{"name":"wp","href":"https:\/\/api.w.org\/{rel}","templated":true}]}}