{"id":187,"date":"2021-05-18T14:17:57","date_gmt":"2021-05-18T12:17:57","guid":{"rendered":"http:\/\/pruszczgdanski.home.pl\/autoinstalator\/wordpressplugins2\/?page_id=187"},"modified":"2025-11-03T07:48:24","modified_gmt":"2025-11-03T06:48:24","slug":"regulamin-i-procedury","status":"publish","type":"page","link":"https:\/\/splegowo.pl\/index.php\/regulamin-i-procedury\/","title":{"rendered":"Regulaminy i procedury"},"content":{"rendered":"\t\t<div data-elementor-type=\"wp-page\" data-elementor-id=\"187\" class=\"elementor elementor-187\">\n\t\t\t\t\t\t\t\t\t<section class=\"elementor-section elementor-top-section elementor-element elementor-element-2cd1f548 elementor-section-boxed elementor-section-height-default elementor-section-height-default\" data-id=\"2cd1f548\" data-element_type=\"section\">\n\t\t\t\t\t\t<div class=\"elementor-container elementor-column-gap-default\">\n\t\t\t\t\t<div class=\"elementor-column elementor-col-100 elementor-top-column elementor-element elementor-element-6c579d0d\" data-id=\"6c579d0d\" data-element_type=\"column\">\n\t\t\t<div class=\"elementor-widget-wrap elementor-element-populated\">\n\t\t\t\t\t\t\t\t<div class=\"elementor-element elementor-element-b0845c2 elementor-widget elementor-widget-text-editor\" data-id=\"b0845c2\" data-element_type=\"widget\" data-widget_type=\"text-editor.default\">\n\t\t\t\t<div class=\"elementor-widget-container\">\n\t\t\t\t\t\t\t<!-- wp:table --><hr \/>\n<div style=\"font-size: 14; color: #339966;\">\n<p align=\"center\"><a href=\"https:\/\/pruszczgdanski.home.pl\/autoinstalator\/wordpressplugins2\/wp-content\/uploads\/2021\/08\/rwo-legowo.pdf\" target=\"_blank\" rel=\"noopener\"> &#8212; &#8212; Regulamin Wewn\u0105trzszkolnego Oceniania &#8212; &#8212; <\/a><br \/><br \/><a href=\"http:\/\/pruszczgdanski.home.pl\/autoinstalator\/wordpressplugins2\/wp-content\/uploads\/2021\/08\/rwo-zdalne-legowo.docx\" target=\"_blank\" rel=\"noopener\"> &#8212; &#8212; Zasady oceniania w nauczaniu zdalnym &#8212; &#8212; <\/a><br \/><br \/><a href=\"https:\/\/pruszczgdanski.home.pl\/autoinstalator\/wordpressplugins2\/wp-content\/uploads\/2021\/08\/regul_czytelnia.docx\" target=\"_blank\" rel=\"noopener\"> &#8212; &#8212; Regulamin korzystania z czytelni i zbior\u00f3w biblioteki szkolnej &#8212; &#8212; <\/a><br \/><br \/><a href=\"https:\/\/pruszczgdanski.home.pl\/autoinstalator\/wordpressplugins2\/wp-content\/uploads\/2021\/08\/regulamin_darmowy_podrecznik.doc\" target=\"_blank\" rel=\"noopener\"> &#8212; &#8212; Regulamin korzystania z darmowych podr\u0119cznik\u00f3w &#8212; &#8212; <\/a><br \/><br \/><a href=\"https:\/\/splegowo.pl\/wp-content\/uploads\/2025\/09\/regulamin-stolowki.docx\" target=\"_blank\" rel=\"noopener\"> &#8212; &#8212; Regulamin korzystania ze sto\u0142\u00f3wki &#8212; &#8212; <\/a><br \/><br \/><a href=\"https:\/\/pruszczgdanski.home.pl\/autoinstalator\/wordpressplugins2\/wp-content\/uploads\/2021\/08\/regulamin_sala_gimn.pdf\" target=\"_blank\" rel=\"noopener\"> &#8212; &#8212; Regulamin og\u00f3lny korzystania z obiektu sportowego &#8212; &#8212; <\/a><br \/><br \/><a href=\"https:\/\/pruszczgdanski.home.pl\/autoinstalator\/wordpressplugins2\/wp-content\/uploads\/2021\/08\/regulamin_chem_fiz.pdf\" target=\"_blank\" rel=\"noopener\"> &#8212; &#8212; Regulamin pracowni chemiczno-fizycznej &#8212; &#8212; <\/a><br \/><br \/><a href=\"https:\/\/pruszczgdanski.home.pl\/autoinstalator\/wordpressplugins2\/wp-content\/uploads\/2021\/08\/regulamin_informatyka.pdf\" target=\"_blank\" rel=\"noopener\"> &#8212; &#8212; Regulamin pracowni komputerowej &#8212; &#8212; <\/a><br \/><br \/><a href=\"https:\/\/splegowo.pl\/wp-content\/uploads\/2025\/11\/REGULAMIN-SWIETLICY-SZKOLNEJ.docx\" target=\"_blank\" rel=\"noopener\"> &#8212; &#8212; Regulamin \u015bwietlicy szkolnej &#8212; &#8212; <\/a><br \/><br \/><a href=\"https:\/\/pruszczgdanski.home.pl\/autoinstalator\/wordpressplugins2\/wp-content\/uploads\/2021\/08\/regulamin_pracowni_multimedialnej.pdf\" target=\"_blank\" rel=\"noopener\"> &#8212; &#8212; Regulamin pracowni multimedialnej &#8212; &#8212; <\/a><br \/><br \/><a href=\"https:\/\/pruszczgdanski.home.pl\/autoinstalator\/wordpressplugins2\/wp-content\/uploads\/2021\/08\/regulamin_organizacji_pracy_szkoly.docx\" target=\"_blank\" rel=\"noopener\"> &#8212; &#8212; REGULAMIN ORGANIZACJI PRACY SZKO\u0141Y W OKRESIE PANDEMII &#8212; &#8212; <br \/>obowi\u0105zuje od 01.09.2020r.<\/a><br \/><br \/><a href=\"https:\/\/splegowo.pl\/wp-content\/uploads\/2025\/01\/2024-2025-regulamin-stypendia-za-wyniki-w-nauce.docx\" target=\"_blank\" rel=\"noopener\"> &#8212; &#8212; REGULAMIN PRZYZNAWANIA STYPENDI\u00d3W ZA WYSOKIE WYNIKI W NAUCE &#8212; &#8212; <\/a><br \/><br \/><a href=\"https:\/\/splegowo.pl\/wp-content\/uploads\/2025\/01\/2024-2025-regulamin-stypendia-za-wyniki-w-sporcie.docx\" target=\"_blank\" rel=\"noopener\"> &#8212; &#8212; REGULAMIN PRZYZNAWANIA STYPENDI\u00d3W ZA WYSOKIE OSI\u0104GNI\u0118CIA SPORTOWE &#8212; &#8212; <\/a><br \/><br \/><br \/><br \/><a href=\"https:\/\/pruszczgdanski.home.pl\/autoinstalator\/wordpressplugins2\/wp-content\/uploads\/2021\/08\/procedura_1.jpg\" target=\"_blank\" rel=\"noopener\"> Procedura post\u0119powania w przypadku nagannego zachowania niepe\u0142noletniego ucznia <\/a><br \/><br \/><a href=\"https:\/\/pruszczgdanski.home.pl\/autoinstalator\/wordpressplugins2\/wp-content\/uploads\/2021\/08\/procedura_2.jpg\" target=\"_blank\" rel=\"noopener\"> Procedura post\u0119powania w przypadku podejrzenia, \u017ce na terenie szko\u0142y znajduje si\u0119 ucze\u0144 pod wp\u0142ywem alkoholu, narkotyk\u00f3w i innych \u015brodk\u00f3w odurzaj\u0105cych <\/a><br \/><br \/><a href=\"https:\/\/pruszczgdanski.home.pl\/autoinstalator\/wordpressplugins2\/wp-content\/uploads\/2021\/08\/procedura_3.jpg\" target=\"_blank\" rel=\"noopener\"> Procedura post\u0119powania wobec ofiary czynu karalnego <\/a><br \/><br \/><a href=\"https:\/\/pruszczgdanski.home.pl\/autoinstalator\/wordpressplugins2\/wp-content\/uploads\/2021\/08\/procedura_4.jpg\" target=\"_blank\" rel=\"noopener\"> Procedura post\u0119powania w przypadku naruszenia przez ucznia nietykalno\u015bci osobistej lub inne zachowania karalne wobec nauczyciela lub pracowanika szko\u0142y <\/a><br \/><br \/><a href=\"http:\/\/pruszczgdanski.home.pl\/autoinstalator\/wordpressplugins2\/wp-content\/uploads\/2021\/08\/procedura_5.jpg\" target=\"_blank\" rel=\"noopener\"> Procedura post\u0119powania w przypadku wagar\u00f3w <\/a><br \/><br \/><a href=\"https:\/\/pruszczgdanski.home.pl\/autoinstalator\/wordpressplugins2\/wp-content\/uploads\/2021\/08\/procedura_6.jpg\" target=\"_blank\" rel=\"noopener\"> Procedura post\u0119powania w przypadku niepowodze\u0144 szkolnych ucznia <\/a><br \/><br \/><a href=\"https:\/\/pruszczgdanski.home.pl\/autoinstalator\/wordpressplugins2\/wp-content\/uploads\/2021\/08\/procedura_7.jpg\" target=\"_blank\" rel=\"noopener\"> Procedura post\u0119powania w przypadku fa\u0142szerstwa <\/a><br \/><br \/><a href=\"https:\/\/pruszczgdanski.home.pl\/autoinstalator\/wordpressplugins2\/wp-content\/uploads\/2021\/08\/procedura_8.jpg\" target=\"_blank\" rel=\"noopener\"> Procedura post\u0119powania w przypadku nieobecno\u015bci rodzic\u00f3w ucznia <\/a><br \/><br \/><a href=\"https:\/\/pruszczgdanski.home.pl\/autoinstalator\/wordpressplugins2\/wp-content\/uploads\/2021\/08\/procedura_8a.jpg\" target=\"_blank\" rel=\"noopener\"> Procedura post\u0119powania wobec os\u00f3b niebed\u0105cych pracownikami i uczniami maj\u0105cymi zamiar wej\u015b\u0107 na teren plac\u00f3wki <\/a><br \/><br \/><a href=\"https:\/\/pruszczgdanski.home.pl\/autoinstalator\/wordpressplugins2\/wp-content\/uploads\/2021\/08\/procedura_9.jpg\" target=\"_blank\" rel=\"noopener\"> Procedura post\u0119powania w przypadku spraw spornych i konflikt\u00f3w <\/a><br \/><br \/><a href=\"https:\/\/pruszczgdanski.home.pl\/autoinstalator\/wordpressplugins2\/wp-content\/uploads\/2021\/08\/procedura_10.jpg\" target=\"_blank\" rel=\"noopener\"> Procedura post\u0119powania w sytuacjach nadmiernego korzystania z internetu oraz technologii przez uczni\u00f3w <\/a><br \/><br \/><a href=\"https:\/\/pruszczgdanski.home.pl\/autoinstalator\/wordpressplugins2\/wp-content\/uploads\/2021\/08\/procedura_10a.jpg\" target=\"_blank\" rel=\"noopener\"> Procedura odbioru ucznia przez osob\u0119 podejrzan\u0105 o spo\u017cycie alkoholu lub innych \u015brodk\u00f3w odurzaj\u0105cych <\/a><br \/><br \/><a href=\"https:\/\/pruszczgdanski.home.pl\/autoinstalator\/wordpressplugins2\/wp-content\/uploads\/2021\/08\/procedura_11.jpg\" target=\"_blank\" rel=\"noopener\"> Procedura post\u0119powania w przypadku otrzymania informacji o przemocy w rodzinie <\/a><br \/><br \/><a href=\"https:\/\/pruszczgdanski.home.pl\/autoinstalator\/wordpressplugins2\/wp-content\/uploads\/2021\/08\/procedura_12.jpg\" target=\"_blank\" rel=\"noopener\"> Procedura post\u0119powania w przypadku naruszenia godno\u015bci osobistej ucznia <\/a><br \/><br \/><a href=\"https:\/\/pruszczgdanski.home.pl\/autoinstalator\/wordpressplugins2\/wp-content\/uploads\/2021\/08\/procedura_13.jpg\" target=\"_blank\" rel=\"noopener\"> Procedura post\u0119powania w sytuacji dziecka zaniedbanego <\/a><br \/><br \/><a href=\"https:\/\/pruszczgdanski.home.pl\/autoinstalator\/wordpressplugins2\/wp-content\/uploads\/2021\/08\/procedura_13a.jpg\" target=\"_blank\" rel=\"noopener\"> Procedura post\u0119powania w przypadku posiadania niebezpiecznych przedmiot\u00f3w <\/a><br \/><br \/><a href=\"https:\/\/pruszczgdanski.home.pl\/autoinstalator\/wordpressplugins2\/wp-content\/uploads\/2021\/08\/procedura_14.jpg\" target=\"_blank\" rel=\"noopener\"> Procedura rozpoznawania potrzeb uczni\u00f3w w zakresie pomocy materialnej <\/a><br \/><br \/><a href=\"https:\/\/pruszczgdanski.home.pl\/autoinstalator\/wordpressplugins2\/wp-content\/uploads\/2021\/08\/procedura_15.jpg\" target=\"_blank\" rel=\"noopener\"> Procedura zwalniania ucznia z zaj\u0119\u0107 lekcyjnych i usprawiadliwiania nieobecno\u015bci <\/a><br \/><br \/><a href=\"https:\/\/pruszczgdanski.home.pl\/autoinstalator\/wordpressplugins2\/wp-content\/uploads\/2021\/08\/procedura_16.jpg\" target=\"_blank\" rel=\"noopener\"> Procedura zwalniania ucznia z zaj\u0119\u0107 wychowania fizycznego <\/a><br \/><br \/><a href=\"https:\/\/pruszczgdanski.home.pl\/autoinstalator\/wordpressplugins2\/wp-content\/uploads\/2021\/08\/procedura_17.jpg\" target=\"_blank\" rel=\"noopener\"> Procedura post\u0119powania w razie zaistnia\u0142ego wypadku (1\/3)<\/a><br \/><br \/><a href=\"https:\/\/pruszczgdanski.home.pl\/autoinstalator\/wordpressplugins2\/wp-content\/uploads\/2021\/08\/procedura_18.jpg\" target=\"_blank\" rel=\"noopener\"> Procedura post\u0119powania w razie zaistnia\u0142ego wypadku (2\/3) <\/a><br \/><br \/><a href=\"https:\/\/pruszczgdanski.home.pl\/autoinstalator\/wordpressplugins2\/wp-content\/uploads\/2021\/08\/procedura_19.jpg\" target=\"_blank\" rel=\"noopener\"> Procedura post\u0119powania w razie zaistnia\u0142ego wypadku (3\/3) <\/a><br \/><br \/><a href=\"https:\/\/pruszczgdanski.home.pl\/autoinstalator\/wordpressplugins2\/wp-content\/uploads\/2021\/08\/procedura_20.jpg\" target=\"_blank\" rel=\"noopener\"> Procedura pracy z uczniem zdolnym (1\/2)<\/a><br \/><br \/><a href=\"https:\/\/pruszczgdanski.home.pl\/autoinstalator\/wordpressplugins2\/wp-content\/uploads\/2021\/08\/procedura_21.jpg\" target=\"_blank\" rel=\"noopener\"> Procedura pracy z uczniem zdolnym (2\/2)<\/a><br \/><br \/><a href=\"https:\/\/pruszczgdanski.home.pl\/autoinstalator\/wordpressplugins2\/wp-content\/uploads\/2021\/08\/procedura_22.jpg\" target=\"_blank\" rel=\"noopener\"> Procedura obs\u0142ugi i korzystania z monitoringu wizyjnego <\/a><br \/><br \/><a href=\"https:\/\/pruszczgdanski.home.pl\/autoinstalator\/wordpressplugins2\/wp-content\/uploads\/2021\/08\/procedura_24.jpg\" target=\"_blank\" rel=\"noopener\"> Procedura post\u0119powania nauczyciela podczas dy\u017cur\u00f3w (1\/2) <\/a><br \/><br \/><a href=\"https:\/\/pruszczgdanski.home.pl\/autoinstalator\/wordpressplugins2\/wp-content\/uploads\/2021\/08\/procedura_25.jpg\" target=\"_blank\" rel=\"noopener\"> Procedura post\u0119powania nauczyciela podczas dy\u017cur\u00f3w (2\/2) <\/a><br \/><br \/><a href=\"https:\/\/pruszczgdanski.home.pl\/autoinstalator\/wordpressplugins2\/wp-content\/uploads\/2021\/08\/procedura_26.jpg\" target=\"_blank\" rel=\"noopener\"> Procedura procesu adaptacyjnego uczni\u00f3w klas pierwszych <\/a><br \/><br \/><a href=\"https:\/\/pruszczgdanski.home.pl\/autoinstalator\/wordpressplugins2\/wp-content\/uploads\/2021\/08\/procedura_27.jpg\" target=\"_blank\" rel=\"noopener\"> Procedura procesu adaptacyjnego uczni\u00f3w klas czwartych (1\/2)<\/a><br \/><br \/><a href=\"https:\/\/pruszczgdanski.home.pl\/autoinstalator\/wordpressplugins2\/wp-content\/uploads\/2021\/08\/procedura_28.jpg\" target=\"_blank\" rel=\"noopener\"> Procedura procesu adaptacyjnego uczni\u00f3w klas czwartych (2\/2) <\/a><br \/><br \/><a href=\"https:\/\/pruszczgdanski.home.pl\/autoinstalator\/wordpressplugins2\/wp-content\/uploads\/2021\/08\/procedura_29.jpg\" target=\"_blank\" rel=\"noopener\"> Procedura adaptacyjna nowego ucznia przychodz\u0105cego do szko\u0142y <\/a><br \/><br \/><a href=\"https:\/\/pruszczgdanski.home.pl\/autoinstalator\/wordpressplugins2\/wp-content\/uploads\/2021\/08\/procedura_30.jpg\" target=\"_blank\" rel=\"noopener\"> Procedury post\u0119powania w sytuacjach zagro\u017cenia incydente bombowym <\/a><br \/><br \/><a href=\"https:\/\/pruszczgdanski.home.pl\/autoinstalator\/wordpressplugins2\/wp-content\/uploads\/2021\/08\/procedura_31.jpg\" target=\"_blank\" rel=\"noopener\"> Procedury post\u0119powania w sytuacji usi\u0142owania pope\u0142nienia samob\u00f3jstwa lub zamiaru samob\u00f3jczego (1\/2) <\/a><br \/><br \/><a href=\"https:\/\/pruszczgdanski.home.pl\/autoinstalator\/wordpressplugins2\/wp-content\/uploads\/2021\/08\/procedura_32.jpg\" target=\"_blank\" rel=\"noopener\"> Procedury post\u0119powania w sytuacji usi\u0142owania pope\u0142nienia samob\u00f3jstwa lub zamiaru samob\u00f3jczego (2\/2)<\/a><br \/><br \/><a href=\"https:\/\/pruszczgdanski.home.pl\/autoinstalator\/wordpressplugins2\/wp-content\/uploads\/2021\/08\/procedura_33.jpg\" target=\"_blank\" rel=\"noopener\"> Procedura post\u0119powania w przypadku wypadku w szkole (1\/2)<\/a><br \/><br \/><a href=\"https:\/\/pruszczgdanski.home.pl\/autoinstalator\/wordpressplugins2\/wp-content\/uploads\/2021\/08\/procedura_34.jpg\" target=\"_blank\" rel=\"noopener\"> Procedura post\u0119powania w przypadku wypadku w szkole (2\/2) <\/a><br \/><br \/><a href=\"https:\/\/pruszczgdanski.home.pl\/autoinstalator\/wordpressplugins2\/wp-content\/uploads\/2021\/08\/procedura_35.jpg\" target=\"_blank\" rel=\"noopener\"> Procedura reagowania w szkole w sytuacji ujawnienia cyberprzemocy (1\/2)<\/a><br \/><br \/><a href=\"https:\/\/pruszczgdanski.home.pl\/autoinstalator\/wordpressplugins2\/wp-content\/uploads\/2021\/08\/procedura_36.jpg\" target=\"_blank\" rel=\"noopener\"> Procedura reagowania w szkole w sytuacji ujawnienia cyberprzemocy (2\/2)<br \/><br \/><\/a><a href=\"https:\/\/pruszczgdanski.home.pl\/autoinstalator\/wordpressplugins2\/wp-content\/uploads\/2021\/08\/procedura_43a-terrorysta.jpeg\" target=\"_blank\" rel=\"noopener\"> Procedura reagowania w szkole w sytuacji wtargni\u0119cia napastnika (1\/3)<\/a><a href=\"https:\/\/pruszczgdanski.home.pl\/autoinstalator\/wordpressplugins2\/wp-content\/uploads\/2021\/08\/procedura_36.jpg\" target=\"_blank\" rel=\"noopener\"><br \/><br \/><\/a><a href=\"https:\/\/pruszczgdanski.home.pl\/autoinstalator\/wordpressplugins2\/wp-content\/uploads\/2021\/08\/procedura_43b-terrorysta.jpeg\" target=\"_blank\" rel=\"noopener\"> Procedura reagowania w szkole w sytuacji wtargni\u0119cia napastnika (2\/3)<\/a><a href=\"https:\/\/pruszczgdanski.home.pl\/autoinstalator\/wordpressplugins2\/wp-content\/uploads\/2021\/08\/procedura_36.jpg\" target=\"_blank\" rel=\"noopener\"><br \/><br \/><\/a><a href=\"https:\/\/pruszczgdanski.home.pl\/autoinstalator\/wordpressplugins2\/wp-content\/uploads\/2021\/08\/procedura_43c-terrorysta.jpeg\" target=\"_blank\" rel=\"noopener\"> Procedura reagowania w szkole w sytuacji wtargni\u0119cia napastnika (3\/3)<\/a><a href=\"https:\/\/pruszczgdanski.home.pl\/autoinstalator\/wordpressplugins2\/wp-content\/uploads\/2021\/08\/procedura_36.jpg\" target=\"_blank\" rel=\"noopener\"><br \/><br \/><\/a><a href=\"https:\/\/pruszczgdanski.home.pl\/autoinstalator\/wordpressplugins2\/wp-content\/uploads\/2021\/08\/procedura_44-powodz.jpeg\" target=\"_blank\" rel=\"noopener\"> Procedura reagowania w szkole w sytuacji powodzi<\/a><br \/><br \/><\/p>\n<!-- \/wp:table --><\/div>\t\t\t\t\t\t<\/div>\n\t\t\t\t<\/div>\n\t\t\t\t\t<\/div>\n\t\t<\/div>\n\t\t\t\t\t\t\t<\/div>\n\t\t<\/section>\n\t\t\t\t<section class=\"elementor-section elementor-top-section elementor-element elementor-element-22d9f440 elementor-section-boxed elementor-section-height-default elementor-section-height-default\" data-id=\"22d9f440\" data-element_type=\"section\">\n\t\t\t\t\t\t<div class=\"elementor-container elementor-column-gap-default\">\n\t\t\t\t\t<div class=\"elementor-column elementor-col-100 elementor-top-column elementor-element elementor-element-22e3e85b\" data-id=\"22e3e85b\" data-element_type=\"column\">\n\t\t\t<div class=\"elementor-widget-wrap elementor-element-populated\">\n\t\t\t\t\t\t\t\t<div class=\"elementor-element elementor-element-3ac52fd8 elementor-widget elementor-widget-text-editor\" data-id=\"3ac52fd8\" data-element_type=\"widget\" data-widget_type=\"text-editor.default\">\n\t\t\t\t<div class=\"elementor-widget-container\">\n\t\t\t\t\t\t\t<!-- wp:table --><hr\/><br\/>&#13; \t <a href=\"http:\/\/pruszczgdanski.home.pl\/autoinstalator\/wordpressplugins2\/wp-content\/uploads\/2021\/08\/procedury_wypozyczen_zwrotow_ksiazek.docx\" target=\"_blank\"> PROCEDURY WYPO\u017bYCZE\u0143 I ZWROT\u00d3W KSI\u0104\u017bEK W CZASIE EPIDEMII <\/a><br\/><br\/>&#13; \t <a href=\"http:\/\/pruszczgdanski.home.pl\/autoinstalator\/wordpressplugins2\/wp-content\/uploads\/2021\/08\/zwrot_podreczniki_2019_2020.docx\" target=\"_blank\">PROCEDURY ZWROT\u00d3W PODR\u0118CZNIK\u00d3W ZA ROK 2019\/2020 W CZASIE EPIDEMII<\/a><br\/><br\/>&#13; \t <a href=\"http:\/\/pruszczgdanski.home.pl\/autoinstalator\/wordpressplugins2\/wp-content\/uploads\/2021\/08\/konsultacje_klasy_4-7.docx\" target=\"_blank\"> PROCEDURA ORGANIZACJI KONSULTACJI PROWADZONYCH PRZEZ NAUCZYCIELI NA TERENIE SZKO\u0141Y &#8211; KLASY IV-VII<\/a><br\/><br\/>&#13; \t <a href=\"http:\/\/pruszczgdanski.home.pl\/autoinstalator\/wordpressplugins2\/wp-content\/uploads\/2021\/08\/konsultacje_osmoklasistow.docx\" target=\"_blank\"> PROCEDURY ORGANIZOWANIA KONSULTACJI DLA UCZNI\u00d3W KLAS \u00d3SMYCH OD 25 MAJA 2020 R.<\/a><br\/><br\/>&#13; \t <a href=\"http:\/\/pruszczgdanski.home.pl\/autoinstalator\/wordpressplugins2\/wp-content\/uploads\/2021\/08\/uzupelnione_procedury_edukacja_wczesnoszkolna.docx\" target=\"_blank\">ZASADY ORGANIZACJI DZIA\u0141ALNO\u015aCI OPIEKU\u0143CZO WYCHOWAWCZEJ I DYDAKTYCZNEJ OD 25 MAJA 2020 R &#8211; EDUKACJA WCZESNOSZKOLNA<\/a><br\/><br\/>&#13; \t <a href=\"http:\/\/pruszczgdanski.home.pl\/autoinstalator\/wordpressplugins2\/wp-content\/uploads\/2021\/08\/procedury_egzamin_osmoklasisty.docx\" target=\"_blank\"> PROCEDURY PRZEPROWADZANIA EGZAMINU \u00d3SMOKLASISTY DLA UCZNIA I RODZICA<\/a><br\/><br\/>&#13; \t <a href=\"http:\/\/pruszczgdanski.home.pl\/autoinstalator\/wordpressplugins2\/wp-content\/uploads\/2021\/08\/procedury_organizacji_zdalnego_nauczania_2020_2021.docx\" target=\"_blank\"> PROCEDURY ORGANIZACJI ZDALNEGO NAUCZANIA W ROKU 2020\/2021 <\/a><br\/><br\/>&#13; \t  &#13; \t &#13;      <\/div>&#13;                 <!-- \/wp:table -->\t\t\t\t\t\t<\/div>\n\t\t\t\t<\/div>\n\t\t\t\t\t<\/div>\n\t\t<\/div>\n\t\t\t\t\t\t\t<\/div>\n\t\t<\/section>\n\t\t\t\t\t\t\t<\/div>\n\t\t","protected":false},"excerpt":{"rendered":"<p>&#8212; &#8212; Regulamin Wewn\u0105trzszkolnego Oceniania &#8212; &#8212; &#8212; &#8212; Zasady oceniania w nauczaniu zdalnym &#8212; &#8212; &#8212; &#8212; Regulamin korzystania &hellip; <\/p>\n","protected":false},"author":1,"featured_media":0,"parent":0,"menu_order":0,"comment_status":"closed","ping_status":"closed","template":"","meta":[],"_links":{"self":[{"href":"https:\/\/splegowo.pl\/index.php\/wp-json\/wp\/v2\/pages\/187"}],"collection":[{"href":"https:\/\/splegowo.pl\/index.php\/wp-json\/wp\/v2\/pages"}],"about":[{"href":"https:\/\/splegowo.pl\/index.php\/wp-json\/wp\/v2\/types\/page"}],"author":[{"embeddable":true,"href":"https:\/\/splegowo.pl\/index.php\/wp-json\/wp\/v2\/users\/1"}],"replies":[{"embeddable":true,"href":"https:\/\/splegowo.pl\/index.php\/wp-json\/wp\/v2\/comments?post=187"}],"version-history":[{"count":22,"href":"https:\/\/splegowo.pl\/index.php\/wp-json\/wp\/v2\/pages\/187\/revisions"}],"predecessor-version":[{"id":26459,"href":"https:\/\/splegowo.pl\/index.php\/wp-json\/wp\/v2\/pages\/187\/revisions\/26459"}],"wp:attachment":[{"href":"https:\/\/splegowo.pl\/index.php\/wp-json\/wp\/v2\/media?parent=187"}],"curies":[{"name":"wp","href":"https:\/\/api.w.org\/{rel}","templated":true}]}}