{"id":16726,"date":"2022-02-10T09:26:28","date_gmt":"2022-02-10T08:26:28","guid":{"rendered":"http:\/\/splegowo.pl\/?page_id=16726"},"modified":"2026-01-27T09:24:53","modified_gmt":"2026-01-27T08:24:53","slug":"rekrutacja-2","status":"publish","type":"page","link":"https:\/\/splegowo.pl\/index.php\/rekrutacja-2\/","title":{"rendered":"Rekrutacja"},"content":{"rendered":"\t\t<div data-elementor-type=\"wp-page\" data-elementor-id=\"16726\" class=\"elementor elementor-16726\">\n\t\t\t\t\t\t\t\t\t<section class=\"elementor-section elementor-top-section elementor-element elementor-element-c97d52b elementor-section-boxed elementor-section-height-default elementor-section-height-default\" data-id=\"c97d52b\" data-element_type=\"section\">\n\t\t\t\t\t\t<div class=\"elementor-container elementor-column-gap-default\">\n\t\t\t\t\t<div class=\"elementor-column elementor-col-100 elementor-top-column elementor-element elementor-element-fffc986\" data-id=\"fffc986\" data-element_type=\"column\">\n\t\t\t<div class=\"elementor-widget-wrap elementor-element-populated\">\n\t\t\t\t\t\t\t\t<div class=\"elementor-element elementor-element-7e85029 elementor-widget elementor-widget-text-editor\" data-id=\"7e85029\" data-element_type=\"widget\" data-widget_type=\"text-editor.default\">\n\t\t\t\t<div class=\"elementor-widget-container\">\n\t\t\t\t\t\t\t<p style=\"padding-left: 120px;\" align=\"center\"><b><span style=\"color: red;\">\u00a0<\/span><\/b><\/p><h3 align=\"center\"><b><span style=\"color: red;\">Rekrutacja dzieci do oddzia\u0142u przedszkolnego na rok szkolny 2026\/2027:<\/span><\/b><\/h3><p align=\"center\"><b><span style=\"color: red;\">\u00a0<\/span><\/b><\/p><p style=\"text-align: left; padding-left: 40px;\" align=\"center\"><span style=\"color: #000000;\">ZARZ\u0104DZENIE W\u00d3JTA GMINY PRUSZCZ GDA\u0143SKI w sprawie rekrutacji &#8211;\u00a0<\/span><a href=\"https:\/\/prawomiejscowe.pl\/UrzadGminyPruszczGdanski\/document\/1265229\/Zarzadzenie-3_2026\">Link: Zarz\u0105dzenie nr 3\/2026.<\/a><\/p><p style=\"text-align: left; padding-left: 40px;\" align=\"center\"><span style=\"color: #000000;\">\u00a0<\/span><\/p><p style=\"text-align: left; padding-left: 40px;\" align=\"center\"><span style=\"color: #000000; font-family: var( --e-global-typography-text-font-family ), Sans-serif; font-size: 1.8rem;\">Dyrektor Szko\u0142y Podstawowej im. Bohater\u00f3w Grudnia \u201970 w \u0141\u0119gowie og\u0142asza od dnia 09.02.2026r. nab\u00f3r do oddzia\u0142u przedszkolnego dzieci z rocznika 2020 (dzieci sze\u015bcioletnie) na rok szkolny 2026\/2027.\u00a0<\/span><\/p><p style=\"padding-left: 40px;\"><span style=\"font-weight: 400; color: #000000;\">Wnioski rekrutacyjne mo\u017cna pobra\u0107 osobi\u015bcie w sekretariacie szko\u0142y lub ze strony internetowej: https:\/\/www.splegowo.pl \/\u00a0 w zak\u0142adce rodzice\/rekrutacja.\u00a0<\/span><\/p><p style=\"padding-left: 40px;\"><span style=\"font-weight: 400; color: #000000;\">Wype\u0142niony wniosek wraz z za\u0142\u0105cznikami nale\u017cy z\u0142o\u017cy\u0107 do dnia 20 lutego 2026 r. w sekretariacie szko\u0142y, w godzinach pracy sekretariatu.\u00a0<\/span><\/p><p style=\"padding-left: 40px;\"><span style=\"font-weight: 400; color: #000000;\">\u00a0<\/span><\/p><p style=\"padding-left: 40px;\"><span style=\"font-weight: 400; color: #000000;\">Bli\u017cszych informacji udziela sekretariat szko\u0142y, tel. 58 682 85 24<\/span><\/p><p style=\"padding-left: 40px;\"><span style=\"font-weight: 400; color: #000000;\">W przypadku podj\u0119cia decyzji o ucz\u0119szczaniu dziecka do oddzia\u0142u przedszkolnego\u00a0 w plac\u00f3wce innej ni\u017c szko\u0142a w \u0141\u0119gowie, rodzic\/prawny opiekun zobowi\u0105zany jest do powiadomienia szko\u0142y obwodowej o miejscu realizacji obowi\u0105zku rocznego przygotowania przedszkolnego przez dziecko.\u00a0<\/span><\/p><p style=\"padding-left: 40px;\"><span style=\"font-weight: 400; color: #000000;\">\u00a0<\/span><\/p><p style=\"padding-left: 80px;\"><span style=\"font-weight: 400; color: #000000;\">Dyrektor\u00a0<\/span><\/p><p style=\"padding-left: 80px;\"><span style=\"font-weight: 400; color: #000000;\">Pawe\u0142 Flejszar<\/span><\/p><p style=\"text-align: left; padding-left: 160px;\" align=\"center\"><span style=\"color: #000000;\">\u00a0<\/span><\/p><p style=\"text-align: left; padding-left: 120px;\" align=\"center\"><span style=\"color: #000000;\">\u00a0<\/span><\/p><p align=\"center\"><strong><a href=\"https:\/\/splegowo.pl\/wp-content\/uploads\/2026\/01\/rekrutacja_oddzial-przedszkolny-zasady_2026.docx\">ZASADY REKRUTACJI DZIECI DO ODDZIA\u0141U PRZEDSZKOLNEGO W \u0141\u0118GOWIE<\/a><\/strong><\/p><p align=\"center\"><strong><a href=\"https:\/\/splegowo.pl\/wp-content\/uploads\/2026\/01\/rekrutacja_op_wniosek.docx\">WNIOSEK O PRZYJ\u0118CIE DZIECKA DO ODDZIA\u0141U PRZEDSZKOLNEGO<\/a><\/strong><\/p><p align=\"center\"><strong><a href=\"https:\/\/splegowo.pl\/wp-content\/uploads\/2026\/01\/rekrutacja_op_spoza_obwodu_wniosek.docx\">WNIOSEK O PRZYJ\u0118CIE DZIECKA SPOZA OBWODU DO ODDZIA\u0141U PRZEDSZKOLNEGO<\/a><\/strong><\/p><p align=\"center\"><strong><a href=\"https:\/\/splegowo.pl\/wp-content\/uploads\/2026\/01\/rekrutacja_op_oswiadczenie_woli_rodzica.docx\">O\u015aWIADCZENIE &#8211; POTWIERDZENIE WOLI RODZICA<\/a><\/strong><\/p><h3 align=\"center\">\u00a0<\/h3><h3 align=\"center\"><b><span style=\"color: red;\">Rekrutacja dzieci do klasy I szko\u0142y podstawowej na rok szkolny 2026\/2027:<\/span><\/b><\/h3><p style=\"text-align: center;\"><b>\u00a0<a href=\"https:\/\/splegowo.pl\/wp-content\/uploads\/2026\/01\/rekrutacja_sp_kl-1_zasady_2026.docx\">ZASADY REKRUTACJI DO KLASY I SZKO\u0141Y PODSTAWOWEJ<\/a><\/b><\/p><p align=\"center\"><a href=\"https:\/\/splegowo.pl\/wp-content\/uploads\/2026\/01\/rekrutacja_sp_kl-1_zgloszenie.docx\"><b>ZG\u0141OSZENIE DO KLASY I SZKO\u0141Y PODSTAWOWEJ<\/b><\/a><\/p><p align=\"center\"><a href=\"https:\/\/splegowo.pl\/wp-content\/uploads\/2026\/01\/rekrutacja_sp_kl-1_wniosek_spoza_obwodu.docx\"><b>WNIOSEK O PRZYJ\u0118CIE DZIECKA SPOZA OBWODU SZKO<\/b><b>\u0141Y<\/b><\/a><\/p><p align=\"center\"><a href=\"https:\/\/splegowo.pl\/wp-content\/uploads\/2026\/01\/rekrutacja_sp_kl-1_oswiadczenie_woli_rodzica.docx\"><b>O\u015aWIADCZENIE &#8211; POTWIERDZENIE WOLI RODZICA<\/b><\/a><\/p><p align=\"center\"><b><span style=\"color: red;\">\u00a0<\/span><\/b><\/p><h3 align=\"center\"><b><span style=\"color: red;\">Zg\u0142oszenia dzieci do klasy II &#8211; VIII<\/span><\/b><\/h3><p style=\"text-align: center;\"><a href=\"https:\/\/splegowo.pl\/wp-content\/uploads\/2026\/01\/rekrutacja_sp_kl2-8_zgloszenie.docx\"><b>ZG\u0141OSZENIE DO KLASY II &#8211; VIII SZKO\u0141Y PODSTAWOWEJ<\/b><\/a><\/p><p align=\"center\">\u00a0<\/p>\t\t\t\t\t\t<\/div>\n\t\t\t\t<\/div>\n\t\t\t\t\t<\/div>\n\t\t<\/div>\n\t\t\t\t\t\t\t<\/div>\n\t\t<\/section>\n\t\t\t\t\t\t\t<\/div>\n\t\t","protected":false},"excerpt":{"rendered":"<p>\u00a0 Rekrutacja dzieci do oddzia\u0142u przedszkolnego na rok szkolny 2026\/2027: \u00a0 ZARZ\u0104DZENIE W\u00d3JTA GMINY PRUSZCZ GDA\u0143SKI w sprawie rekrutacji &#8211;\u00a0Link: &hellip; <\/p>\n","protected":false},"author":1,"featured_media":0,"parent":0,"menu_order":0,"comment_status":"closed","ping_status":"closed","template":"","meta":[],"_links":{"self":[{"href":"https:\/\/splegowo.pl\/index.php\/wp-json\/wp\/v2\/pages\/16726"}],"collection":[{"href":"https:\/\/splegowo.pl\/index.php\/wp-json\/wp\/v2\/pages"}],"about":[{"href":"https:\/\/splegowo.pl\/index.php\/wp-json\/wp\/v2\/types\/page"}],"author":[{"embeddable":true,"href":"https:\/\/splegowo.pl\/index.php\/wp-json\/wp\/v2\/users\/1"}],"replies":[{"embeddable":true,"href":"https:\/\/splegowo.pl\/index.php\/wp-json\/wp\/v2\/comments?post=16726"}],"version-history":[{"count":96,"href":"https:\/\/splegowo.pl\/index.php\/wp-json\/wp\/v2\/pages\/16726\/revisions"}],"predecessor-version":[{"id":26722,"href":"https:\/\/splegowo.pl\/index.php\/wp-json\/wp\/v2\/pages\/16726\/revisions\/26722"}],"wp:attachment":[{"href":"https:\/\/splegowo.pl\/index.php\/wp-json\/wp\/v2\/media?parent=16726"}],"curies":[{"name":"wp","href":"https:\/\/api.w.org\/{rel}","templated":true}]}}