{"id":15754,"date":"2021-10-08T10:49:09","date_gmt":"2021-10-08T08:49:09","guid":{"rendered":"http:\/\/splegowo.pl\/?page_id=15754"},"modified":"2021-10-08T10:50:13","modified_gmt":"2021-10-08T08:50:13","slug":"wojewodzkie-konkursy-przedmiotowe","status":"publish","type":"page","link":"https:\/\/splegowo.pl\/index.php\/wojewodzkie-konkursy-przedmiotowe\/","title":{"rendered":"Wojew\u00f3dzkie Konkursy Przedmiotowe"},"content":{"rendered":"\t\t<div data-elementor-type=\"wp-page\" data-elementor-id=\"15754\" class=\"elementor elementor-15754\">\n\t\t\t\t\t\t\t\t\t<section class=\"elementor-section elementor-top-section elementor-element elementor-element-61a92a5 elementor-section-boxed elementor-section-height-default elementor-section-height-default\" data-id=\"61a92a5\" data-element_type=\"section\">\n\t\t\t\t\t\t<div class=\"elementor-container elementor-column-gap-default\">\n\t\t\t\t\t<div class=\"elementor-column elementor-col-100 elementor-top-column elementor-element elementor-element-d735a43\" data-id=\"d735a43\" data-element_type=\"column\">\n\t\t\t<div class=\"elementor-widget-wrap elementor-element-populated\">\n\t\t\t\t\t\t\t\t<div class=\"elementor-element elementor-element-1e2f635 elementor-widget elementor-widget-text-editor\" data-id=\"1e2f635\" data-element_type=\"widget\" data-widget_type=\"text-editor.default\">\n\t\t\t\t<div class=\"elementor-widget-container\">\n\t\t\t\t\t\t\t<p><span style=\"text-align: -webkit-center;\">Zapraszamy uczni\u00f3w klas 4-8 do udzia\u0142u w kuratoryjnych wojew\u00f3dzkich konkursach przedmiotowych. Zainteresowani uczniowie proszeni s\u0105 o zg\u0142aszanie si\u0119 do nauczycieli ucz\u0105cych dany przedmiot.<\/span><br style=\"text-align: -webkit-center;\" \/><span style=\"text-align: -webkit-center;\">Regulaminy i zakres materia\u0142u na stronie:<\/span><br style=\"text-align: -webkit-center;\" \/><a style=\"background-color: #ffffff; text-align: -webkit-center;\" href=\"https:\/\/www.kuratorium.gda.pl\/konkursy-przedmiotowe\/\" target=\"_blank\" rel=\"noopener\" data-wahfont=\"18\">https:\/\/www.kuratorium.gda.pl\/konkursy-przedmiotowe\/<\/a><\/p><p>Obowi\u0105zkowo nale\u017cy przynie\u015b\u0107 wype\u0142nion\u0105 Kart\u0119 zg\u0142oszenia ucznia do konkursu: <a href=\"https:\/\/splegowo.pl\/wp-content\/uploads\/2021\/10\/zal.-1-wzor-karty-zgloszenia-ucznia-do-konkursu.docx\">zal.-1-wzor-karty-zgloszenia-ucznia-do-konkursu<\/a><\/p>\t\t\t\t\t\t<\/div>\n\t\t\t\t<\/div>\n\t\t\t\t\t<\/div>\n\t\t<\/div>\n\t\t\t\t\t\t\t<\/div>\n\t\t<\/section>\n\t\t\t\t\t\t\t<\/div>\n\t\t","protected":false},"excerpt":{"rendered":"<p>Zapraszamy uczni\u00f3w klas 4-8 do udzia\u0142u w kuratoryjnych wojew\u00f3dzkich konkursach przedmiotowych. Zainteresowani uczniowie proszeni s\u0105 o zg\u0142aszanie si\u0119 do nauczycieli &hellip; <\/p>\n","protected":false},"author":1,"featured_media":0,"parent":0,"menu_order":0,"comment_status":"closed","ping_status":"closed","template":"","meta":[],"_links":{"self":[{"href":"https:\/\/splegowo.pl\/index.php\/wp-json\/wp\/v2\/pages\/15754"}],"collection":[{"href":"https:\/\/splegowo.pl\/index.php\/wp-json\/wp\/v2\/pages"}],"about":[{"href":"https:\/\/splegowo.pl\/index.php\/wp-json\/wp\/v2\/types\/page"}],"author":[{"embeddable":true,"href":"https:\/\/splegowo.pl\/index.php\/wp-json\/wp\/v2\/users\/1"}],"replies":[{"embeddable":true,"href":"https:\/\/splegowo.pl\/index.php\/wp-json\/wp\/v2\/comments?post=15754"}],"version-history":[{"count":0,"href":"https:\/\/splegowo.pl\/index.php\/wp-json\/wp\/v2\/pages\/15754\/revisions"}],"wp:attachment":[{"href":"https:\/\/splegowo.pl\/index.php\/wp-json\/wp\/v2\/media?parent=15754"}],"curies":[{"name":"wp","href":"https:\/\/api.w.org\/{rel}","templated":true}]}}