{"id":15667,"date":"2021-10-06T11:28:48","date_gmt":"2021-10-06T09:28:48","guid":{"rendered":"http:\/\/pruszczgdanski.home.pl\/autoinstalator\/wordpressplugins2\/?page_id=15667"},"modified":"2025-09-03T13:39:57","modified_gmt":"2025-09-03T11:39:57","slug":"stolowka","status":"publish","type":"page","link":"https:\/\/splegowo.pl\/index.php\/stolowka\/","title":{"rendered":"Sto\u0142\u00f3wka"},"content":{"rendered":"\t\t<div data-elementor-type=\"wp-page\" data-elementor-id=\"15667\" class=\"elementor elementor-15667\">\n\t\t\t\t\t\t\t\t\t<section class=\"elementor-section elementor-top-section elementor-element elementor-element-55d7c991 elementor-section-boxed elementor-section-height-default elementor-section-height-default\" data-id=\"55d7c991\" data-element_type=\"section\">\n\t\t\t\t\t\t<div class=\"elementor-container elementor-column-gap-default\">\n\t\t\t\t\t<div class=\"elementor-column elementor-col-100 elementor-top-column elementor-element elementor-element-78d7d97a\" data-id=\"78d7d97a\" data-element_type=\"column\">\n\t\t\t<div class=\"elementor-widget-wrap elementor-element-populated\">\n\t\t\t\t\t\t\t\t<div class=\"elementor-element elementor-element-62bad32d elementor-widget elementor-widget-text-editor\" data-id=\"62bad32d\" data-element_type=\"widget\" data-widget_type=\"text-editor.default\">\n\t\t\t\t<div class=\"elementor-widget-container\">\n\t\t\t\t\t\t\t<p><!-- wp:heading {\"level\":1} --><\/p>\n<h1>Op\u0142aty za obiady<\/h1>\n<p><!-- \/wp:heading --><!-- wp:separator --><\/p>\n<hr>\n<p><!-- \/wp:separator --><!-- wp:paragraph --><\/p>\n<p><strong>Szanowni Rodzice!!!<\/strong><\/p>\n<p><!-- \/wp:paragraph --><!-- wp:paragraph --><\/p>\n<p>Op\u0142aty za obiady dokonujemy poprzez przelew na konto.<\/p>\n<p><!-- \/wp:paragraph --><!-- wp:paragraph --><\/p>\n<p style=\"padding-left: 40px;\">Bank Sp\u00f3\u0142dzielczy<\/p>\n<p><!-- \/wp:paragraph --><!-- wp:paragraph --><\/p>\n<p style=\"padding-left: 40px;\"><strong>10 8335 0003 0118 7513 2000 0010<\/strong><\/p>\n<p><!-- \/wp:paragraph --><!-- wp:paragraph --><\/p>\n<p style=\"padding-left: 40px;\">W tytule p\u0142atno\u015bci prosz\u0119 poda\u0107 imi\u0119 i nazwisko dziecka oraz klas\u0119, do kt\u00f3rej ucze\u0144 ucz\u0119szcza.<\/p>\n<p><!-- \/wp:paragraph --><!-- wp:paragraph --><\/p>\n<p>Przelewy <strong>musz\u0105<\/strong> by\u0107 dokonane <strong>od 1 do 10<\/strong> dnia ka\u017cdego miesi\u0105ca.<\/p>\n<p><!-- \/wp:paragraph --><!-- wp:paragraph --><\/p>\n<p>W przypadkach nieterminowej wp\u0142aty \u2013 po 10-tym dniu danego miesi\u0105ca wp\u0142aty za obiady (wraz z odsetkami) nale\u017cy ui\u015bci\u0107 u intendenta w szkole.&nbsp;Wszystkie odliczenia za nieobecno\u015b\u0107 ucznia na obiedzie nale\u017cy uzgadnia\u0107 z intendentem lub&nbsp;<span style=\"color: var( --e-global-color-text ); font-family: var( --e-global-typography-text-font-family ), Sans-serif; font-weight: var( --e-global-typography-text-font-weight ); font-size: 1.8rem;\">kierownikiem \u015bwietlicy.<\/span><\/p>\n<p><!-- \/wp:paragraph --><!-- wp:paragraph --><\/p>\n<p><b>Bardzo prosz\u0119 dokonywa\u0107 p\u0142atno\u015bci za obiady tylko za dany miesi\u0105c, bez wyprzedzenia.<\/b><\/p>\n<p>W przypadku nieobecno\u015bci dziecka, nale\u017cy j\u0105 zg\u0142osi\u0107 najp\u00f3\u017aniej do godziny 14:00 dnia poprzedzaj\u0105cego nieobecno\u015b\u0107. Zg\u0142oszenia mo\u017cna dokona\u0107 wiadomo\u015bci\u0105 SMS na numer: 780-158-602 lub mailowo na adres: intendent@splegowo.pl. Niezg\u0142oszone nieobecno\u015bci nie podlegaj\u0105 odpisowi.<\/p>\n<p><br><\/p>\n<p><a href=\"https:\/\/splegowo.pl\/wp-content\/uploads\/2025\/09\/regulamin-stolowki.docx\" target=\"_blank\" rel=\"noopener\" style=\"background-color: rgb(255, 255, 255); color: rgb(88, 86, 86);\">&#8212; &#8212; Regulamin korzystania ze sto\u0142\u00f3wki &#8212; &#8212;<\/a><\/p>\n<div>&nbsp;<\/div>\n<p><!-- \/wp:paragraph --><!-- wp:paragraph --><\/p>\n<p><\/p>\n<p style=\"padding-left: 40px;\">\n<\/p><p style=\"padding-left: 40px;\">KWOTA&nbsp; DO ZAP\u0141ATY &#8211; ROK SZKOLNY 2025\/2026<\/p>\n<p style=\"padding-left: 40px;\">WRZESIE\u0143 &#8211; 20 dni x 6z\u0142 = 120 z\u0142<\/p>\n<p style=\"padding-left: 40px;\">PA\u0179DZIERNIK &#8211; 22 dni x 6z\u0142 =132 z\u0142<\/p>\n<p style=\"padding-left: 40px;\">LISTOPAD &#8211; 18 dni x 6 z\u0142 = 108 z\u0142<\/p>\n<p style=\"padding-left: 40px;\">GRUDZIE\u0143 &#8211; 15 dni x 6z\u0142 =90 z\u0142<\/p>\n<p style=\"padding-left: 40px;\">STYCZE\u0143 &#8211; 8 dni x 6 z\u0142 = 48 z\u0142<\/p>\n<p style=\"padding-left: 40px;\">LUTY &#8211; 20 dni x 6 z\u0142 = 120 z\u0142<\/p>\n<p style=\"padding-left: 40px;\">MARZEC &#8211; 22 dni x 6 z\u0142 = 132 z\u0142<\/p>\n<p style=\"padding-left: 40px;\">KWIECIE\u0143 &#8211; 18 dni x 6 z\u0142 = 108 z\u0142<\/p>\n<p style=\"padding-left: 40px;\">MAJ &#8211; 20 dni x 6 z\u0142 = 120 z\u0142&nbsp;<\/p>\n<p style=\"padding-left: 40px;\">CZERWIEC &#8211; 17 dni x 6 z\u0142 = 102 z\u0142<\/p>\n<p style=\"padding-left: 40px;\">\n<\/p><p style=\"padding-left: 40px;\"><br><\/p>\n<p style=\"padding-left: 40px;\"><br><\/p><p style=\"padding-left: 40px;\">Wydawanie obiad\u00f3w:<\/p>\n<p style=\"padding-left: 40px;\"><span style=\"font-size: 1.8rem;\">Klasy &#8222;0&#8221;: godz. 10:20 \u2013 10:45, 11.20 \u2013 11.45, 12.20 \u2013 12.45<\/span><\/p>\n<p style=\"padding-left: 40px;\">Klasy 1-3: godz. 10:55 \u2013 11:10<\/p>\n<p style=\"padding-left: 40px;\">Klasy 4-6: godz. 11:55 \u2013 12:10<\/p>\n<p style=\"padding-left: 40px;\">Klasy 7-8: godz. 12:55 \u2013 13.10<\/p>\n<p style=\"padding-left: 40px;\"><br><\/p>\n<p><\/p>\n<p><!-- \/wp:paragraph --><\/p>\t\t\t\t\t\t<\/div>\n\t\t\t\t<\/div>\n\t\t\t\t\t<\/div>\n\t\t<\/div>\n\t\t\t\t\t\t\t<\/div>\n\t\t<\/section>\n\t\t\t\t\t\t\t<\/div>\n\t\t","protected":false},"excerpt":{"rendered":"<p>Op\u0142aty za obiady Szanowni Rodzice!!! Op\u0142aty za obiady dokonujemy poprzez przelew na konto. Bank Sp\u00f3\u0142dzielczy 10 8335 0003 0118 7513 &hellip; <\/p>\n","protected":false},"author":1,"featured_media":0,"parent":0,"menu_order":0,"comment_status":"closed","ping_status":"closed","template":"","meta":[],"_links":{"self":[{"href":"https:\/\/splegowo.pl\/index.php\/wp-json\/wp\/v2\/pages\/15667"}],"collection":[{"href":"https:\/\/splegowo.pl\/index.php\/wp-json\/wp\/v2\/pages"}],"about":[{"href":"https:\/\/splegowo.pl\/index.php\/wp-json\/wp\/v2\/types\/page"}],"author":[{"embeddable":true,"href":"https:\/\/splegowo.pl\/index.php\/wp-json\/wp\/v2\/users\/1"}],"replies":[{"embeddable":true,"href":"https:\/\/splegowo.pl\/index.php\/wp-json\/wp\/v2\/comments?post=15667"}],"version-history":[{"count":103,"href":"https:\/\/splegowo.pl\/index.php\/wp-json\/wp\/v2\/pages\/15667\/revisions"}],"predecessor-version":[{"id":26351,"href":"https:\/\/splegowo.pl\/index.php\/wp-json\/wp\/v2\/pages\/15667\/revisions\/26351"}],"wp:attachment":[{"href":"https:\/\/splegowo.pl\/index.php\/wp-json\/wp\/v2\/media?parent=15667"}],"curies":[{"name":"wp","href":"https:\/\/api.w.org\/{rel}","templated":true}]}}